{"id":18417,"date":"2018-06-17T11:57:47","date_gmt":"2018-06-17T10:57:47","guid":{"rendered":"https:\/\/www.findafinca4u.com\/en\/?page_id=18417"},"modified":"2018-07-10T10:34:40","modified_gmt":"2018-07-10T09:34:40","slug":"the-area","status":"publish","type":"page","link":"https:\/\/www.findafinca4u.com\/fr\/the-area\/","title":{"rendered":"The Area"},"content":{"rendered":"<p>Nous nous sp\u00e9cialisons principalement autour des belles villes de Sax, Elda, Petrel et Villena. La zone est connue collectivement comme Vinalopo Alta qui se r\u00e9f\u00e8re \u00e0 la rivi\u00e8re qui traverse la vall\u00e9e. La zone est desservie par l&rsquo;autoroute principale reliant Alicante et Madrid. La vall\u00e9e de Vinalopo offre une vue spectaculaire sur les montagnes et se trouve \u00e0 seulement 30 minutes en voiture des plages blanches d&rsquo;Alicante et de l&rsquo;a\u00e9roport international.<\/p>\n<p>Les liens de transport public sont souvent \u00e9lev\u00e9s sur les crit\u00e8res d&rsquo;achat pour les clients, et dans la r\u00e9gion, nous avons tout. Services de bus r\u00e9guliers, gares conventionnelles reliant Alicante et Madrid. Il y a aussi une gare \u00e0 proximit\u00e9 pour le train \u00e0 grande vitesse qui reliera l&rsquo;Europe, et relie d\u00e9j\u00e0 de nombreuses grandes villes. L&rsquo;a\u00e9roport d&rsquo;Alicante offre un grand nombre de destinations, et certains des plus bas prix des vols en Europe sont accessibles par tous les principaux op\u00e9rateurs budg\u00e9taires. De nombreux clients paient aussi peu que 300 euros par an pour stocker un v\u00e9hicule \u00e0 proximit\u00e9 des a\u00e9roports, ce qui leur permet de se rendre directement \u00e0 leur deuxi\u00e8me propri\u00e9t\u00e9 en toute tranquillit\u00e9.<\/p>","protected":false},"excerpt":{"rendered":"<p>Nous nous sp\u00e9cialisons principalement autour des belles villes de Sax, Elda, Petrel et Villena. La zone est connue collectivement comme Vinalopo Alta qui se r\u00e9f\u00e8re \u00e0 la rivi\u00e8re qui traverse la vall\u00e9e. La zone est desservie par l&rsquo;autoroute principale reliant Alicante et Madrid. La vall\u00e9e de Vinalopo offre une vue spectaculaire sur les montagnes et [&hellip;]<\/p>\n","protected":false},"author":1,"featured_media":0,"parent":0,"menu_order":0,"comment_status":"closed","ping_status":"closed","template":"template-the-area.php","meta":{"footnotes":""},"class_list":["post-18417","page","type-page","status-publish","hentry"],"_links":{"self":[{"href":"https:\/\/www.findafinca4u.com\/fr\/wp-json\/wp\/v2\/pages\/18417","targetHints":{"allow":["GET"]}}],"collection":[{"href":"https:\/\/www.findafinca4u.com\/fr\/wp-json\/wp\/v2\/pages"}],"about":[{"href":"https:\/\/www.findafinca4u.com\/fr\/wp-json\/wp\/v2\/types\/page"}],"author":[{"embeddable":true,"href":"https:\/\/www.findafinca4u.com\/fr\/wp-json\/wp\/v2\/users\/1"}],"replies":[{"embeddable":true,"href":"https:\/\/www.findafinca4u.com\/fr\/wp-json\/wp\/v2\/comments?post=18417"}],"version-history":[{"count":18,"href":"https:\/\/www.findafinca4u.com\/fr\/wp-json\/wp\/v2\/pages\/18417\/revisions"}],"predecessor-version":[{"id":18793,"href":"https:\/\/www.findafinca4u.com\/fr\/wp-json\/wp\/v2\/pages\/18417\/revisions\/18793"}],"wp:attachment":[{"href":"https:\/\/www.findafinca4u.com\/fr\/wp-json\/wp\/v2\/media?parent=18417"}],"curies":[{"name":"wp","href":"https:\/\/api.w.org\/{rel}","templated":true}]}}