{"id":18415,"date":"2018-06-17T11:57:26","date_gmt":"2018-06-17T10:57:26","guid":{"rendered":"https:\/\/www.findafinca4u.com\/en\/?page_id=18415"},"modified":"2018-07-10T10:59:14","modified_gmt":"2018-07-10T09:59:14","slug":"buyers-guide","status":"publish","type":"page","link":"https:\/\/www.findafinca4u.com\/fr\/buyers-guide\/","title":{"rendered":"Guide de l&rsquo;acheteur"},"content":{"rendered":"<p><\/p>\n<h4>Quels sont les co\u00fbts impliqu\u00e9s?<\/h4>\n<p>En moyenne, le co\u00fbt d&rsquo;achat d&rsquo;une propri\u00e9t\u00e9 en Espagne sera de l&rsquo;ordre de 12% \u00e0 15% du prix d&rsquo;achat en fonction du prix d&rsquo;achat, de la complexit\u00e9 de la proc\u00e9dure et de la zone d&rsquo;Espagne dans laquelle vous achetez.<\/p>\n<p>Le notaire &#8211; 800 euros &#8211; Le notaire facture une taxe standardis\u00e9e qui varie en fonction de la superficie, de la taille de la propri\u00e9t\u00e9 et de sa valeur d&rsquo;achat d\u00e9clar\u00e9e.<\/p>\n<p>Les frais d&rsquo;inscription &#8211; 300 \u00e0 700 euros &#8211; L&rsquo;inscription de la propri\u00e9t\u00e9 \u00e0 votre nom dans le registre officiel de la propri\u00e9t\u00e9<\/p>\n<p>La taxe de transfert &#8211; 10% de la valeur d&rsquo;achat d\u00e9clar\u00e9e<\/p>\n<p>Si vous achetez une nouvelle propri\u00e9t\u00e9 d&rsquo;un d\u00e9veloppeur, cette taxe sera la taxe sur la valeur ajout\u00e9e \u00e0 10%.<\/p>\n<p>La taxe documentaire &#8211; 0,5% \u00e0 1% de la valeur d\u00e9clar\u00e9e de la propri\u00e9t\u00e9 &#8211; Ceci \u00e9quivaut au droit de timbre et repr\u00e9sente actuellement 0,5% de la valeur d\u00e9clar\u00e9e de la propri\u00e9t\u00e9.<\/p>\n<p>La taxe municipale &#8211; Dans la r\u00e9gion de Sax, elle a tendance \u00e0 \u00eatre tr\u00e8s faible, bien que sur la c\u00f4te, elle peut varier entre 10% et 40% de l&rsquo;augmentation de la valeur de la propri\u00e9t\u00e9. Cette taxe municipale est en augmentation de la valeur de la propri\u00e9t\u00e9 depuis sa derni\u00e8re vente. Il est appel\u00e9 \u00abplus valia\u00bb et peut varier de 10% \u00e0 40% de l&rsquo;augmentation annuelle, en fonction de la dur\u00e9e entre les ventes et la ville dans laquelle la propri\u00e9t\u00e9 est situ\u00e9e. Je n&rsquo;ai jamais su que cela soit sup\u00e9rieur \u00e0 500 euros sur une propri\u00e9t\u00e9 de campagne.<\/p>\n<p>Votre avocat &#8211; environ 1% de la valeur de la propri\u00e9t\u00e9. L&rsquo;avocat vous facturera environ 1% de la valeur de la transaction, \u00e0 moins de complications inhabituelles. Vous devriez demander un devis.<\/p>\n<p>Le d\u00e9p\u00f4t d&rsquo;imp\u00f4t \u00e0 la vente &#8211; 3% de la valeur d&rsquo;achat d\u00e9clar\u00e9e. Si vous achetez de quelqu&rsquo;un qui ne r\u00e9side pas en Espagne, vous d\u00e9posez 3% du prix d&rsquo;achat total au bureau des imp\u00f4ts au nom du vendeur comme une garantie contre ses obligations fiscales futures. Vous payez le vendeur 97% du prix, et payez l&rsquo;autre 3% directement au bureau des imp\u00f4ts. Cela sert de garantie contre les diverses obligations fiscales espagnoles du vendeur non-r\u00e9sident.<\/p>\n<p>D\u00e9cider qui paie quelles taxes &#8211; Cette liste de frais couvre \u00e0 peu pr\u00e8s l&rsquo;ampleur de la d\u00e9pense majeure lors de l&rsquo;achat d&rsquo;une propri\u00e9t\u00e9 en Espagne. L&rsquo;acheteur et le vendeur sont libres de convenir des conditions qu&rsquo;ils choisissent, car il n&rsquo;existe aucune loi espagnole exigeant que l&rsquo;une des parties paie une taxe particuli\u00e8re. Typiquement, le vendeur paye la taxe municipale, car il est celui qui fait le profit sur l&rsquo;augmentation de la valeur de la propri\u00e9t\u00e9, tandis que l&rsquo;acheteur paie la taxe de transfert et les frais d&rsquo;enregistrement, et frais de notaire car il est int\u00e9ress\u00e9 \u00e0 faire Assurez-vous que la propri\u00e9t\u00e9 est enregistr\u00e9e \u00e0 son nom.<\/p>\n<p>D\u00e9cider de la valeur de la propri\u00e9t\u00e9 d\u00e9clar\u00e9e &#8211; Jusqu&rsquo;\u00e0 r\u00e9cemment, il \u00e9tait de pratique courante de d\u00e9clarer une valeur faible pour la propri\u00e9t\u00e9 afin de minimiser la taxe de transfert. Ce n&rsquo;est pas une option l\u00e9gale et n&rsquo;est pas recommand\u00e9. Si et quand vous revendre la propri\u00e9t\u00e9, vous serez responsable de l&rsquo;imp\u00f4t espagnol sur les gains en capital sur tout b\u00e9n\u00e9fice r\u00e9alis\u00e9. Bien qu&rsquo;il soit tentant de d\u00e9clarer une faible valeur maintenant, vous serez responsable de l&rsquo;imp\u00f4t sur un b\u00e9n\u00e9fice beaucoup plus grand lorsque vous vendez plus tard.<\/p>\n<p>Depuis que les prix de l&rsquo;immobilier ont chut\u00e9, il y a eu une situation \u00e9trange o\u00f9 certains achats sont en dessous de ce que le bureau des imp\u00f4ts consid\u00e8re comme une valeur appropri\u00e9e pour une propri\u00e9t\u00e9. Dans ce cas, il peut \u00eatre conseill\u00e9 de payer des taxes suppl\u00e9mentaires pour \u00e9viter les probl\u00e8mes futurs.<\/p>\n<h4>Quelles sont les \u00e9tapes pour acheter une maison en Espagne avec findafinca4u?<\/h4>\n<p>Apr\u00e8s avoir trouv\u00e9 une maison sur laquelle vous souhaitez faire une offre, nous n\u00e9gocierons la meilleure offre possible en votre nom. Nous avons beaucoup d&rsquo;exp\u00e9rience dans la n\u00e9gociation avec certains des propri\u00e9taires espagnols rigides.<\/p>\n<p>Comme l&rsquo;acceptation du Royaume-Uni ne sera pas seulement \u00e0 votre offre mon\u00e9taire, mais aussi votre position d&rsquo;achat. par exemple, un acheteur de liquidit\u00e9s qui peut remplir rapidement et payer un d\u00e9p\u00f4t imm\u00e9diat a plus d&rsquo;influence que quelqu&rsquo;un qui a besoin d&rsquo;un pr\u00eat hypoth\u00e9caire \u00e0 pourcentage \u00e9lev\u00e9.<\/p>\n<p>Alors que les n\u00e9gociations se poursuivent, nous avons besoin de divers documents de la part des propri\u00e9taires et des divers organes, \u00e0 savoir la mairie, le bureau d&rsquo;architecture, le registre de la propri\u00e9t\u00e9, le registre de la catastrophe. Avec ces documents, votre avocat peut confirmer la l\u00e9galit\u00e9 de la propri\u00e9t\u00e9.<\/p>\n<p>Dans de nombreux cas, les propri\u00e9t\u00e9s ne sont pas l\u00e9gales, elles ont \u00e9t\u00e9 \u00e9tendues sans licence, sans enregistrement, avec des paiements d&rsquo;imp\u00f4ts locaux, etc. Cela ne veut pas dire qu&rsquo;elles ne peuvent pas \u00eatre l\u00e9galis\u00e9es.<\/p>\n<p>\u00c0 ce stade, en consultant nos propres professionnels du droit, nous d\u00e9cidons si la vente peut continuer.<\/p>\n<p>Nous discutons avec le propri\u00e9taire de toute question de l\u00e9galit\u00e9 et s&rsquo;ils sont d&rsquo;accord pour effectuer tous les paiements et proc\u00e9dures n\u00e9cessaires pour l\u00e9galiser la propri\u00e9t\u00e9, nous pouvons alors proc\u00e9der avec votre contrat de d\u00e9p\u00f4t des avocats. Cela sp\u00e9cifiera que tous les \u00e9l\u00e9ments en attente doivent \u00eatre r\u00e9solus avant l&rsquo;achat, dans un d\u00e9lai d\u00e9fini. soit 2 mois. La vente n&rsquo;aura pas lieu si ces \u00e9l\u00e9ments ne sont pas r\u00e9solus, et le propri\u00e9taire est contractuellement oblig\u00e9 de retourner le double de votre d\u00e9p\u00f4t.<\/p>\n<p>Si vous avez besoin d&rsquo;une hypoth\u00e8que, votre pr\u00eateur aura \u00e9galement besoin de ces documents, que nous leur fournirons. Nous allons accompagner l&rsquo;arpenteur quand ils sont disponibles pour visiter la propri\u00e9t\u00e9, et communiquer avec la banque en votre nom pour fournir tous les documents relavent. Les demandes aux mairies seront faites pour la certification requise concernant les \u00ab\u00a0infractions urbanisticas\u00a0\u00bb (extensions ill\u00e9gales)<\/p>\n<p>Votre avocat sera en contact avec nous, et le propri\u00e9taire de mettre la maison en mesure de vendre. Une fois cela fait et vos finances sont en place, une date sera fix\u00e9e pour signer chez le notaire.<\/p>\n<p>Le notaire fera \u00e9galement des v\u00e9rifications pour s&rsquo;assurer que la maison est l\u00e9gale, mais il peut traiter avec 20 maisons par jour, il est donc important que vous ayez un bon avocat qui a d\u00e9j\u00e0 termin\u00e9 compl\u00e8tement les recherches de propri\u00e9t\u00e9.<\/p>\n<p>\u00c0 ce stade, la maison sera sign\u00e9e, l&rsquo;argent et les cl\u00e9s changent de mains.<\/p>\n<p>Vous \u00eates maintenant un propri\u00e9taire en Espagne et n&rsquo;avez pas la moindre id\u00e9e de comment aller au jour le jour les choses que vous avez r\u00e9ussi au Royaume-Uni.<\/p>\n<p>Nous pouvons ensuite mettre en place des services publics \u00e0 votre nom et aider avec tous les probl\u00e8mes que vous avez adapter \u00e0 la vie sur votre nouvelle maison.<\/p>\n<h4>Quels sont les pi\u00e8ges de l&rsquo;achat en Espagne?<\/h4>\n<ul>\n<li>La propri\u00e9t\u00e9 n&rsquo;est pas enregistr\u00e9e, probablement parce qu&rsquo;elle a \u00e9t\u00e9 construite ill\u00e9galement. De nombreuses propri\u00e9t\u00e9s non enregistr\u00e9es sont vendues \u00e0 des \u00e9trangers, car les \u00e9trangers sont moins susceptibles de v\u00e9rifier l&rsquo;enregistrement. Si vous trouvez une bonne affaire, il y a des chances que ce ne soit pas enregistr\u00e9. Solution: Obtenez une liste de registre (nota simple).<\/li>\n<li>Trop de courtiers sont impliqu\u00e9s. Nous avons connu sept courtiers impliqu\u00e9s dans une maison. Outre les difficult\u00e9s de communication, chaque courtier obtiendra son pourcentage. Nous traitons directement avec les propri\u00e9taires ceci est montr\u00e9 dans les prix raisonnables sur nos propri\u00e9t\u00e9s.<\/li>\n<\/ul>\n<p>Nous ne traitons qu&rsquo;avec les Sax et les environs, donc nous sommes au courant des r\u00e8glements et des lois locales et avons des relations constantes avec la mairie locale, le notaire et les avocats.<\/p>\n<h4>Quels sont les taxes et les frais?<\/h4>\n<p><strong>Taxes<\/strong><\/p>\n<p>Vous payez g\u00e9n\u00e9ralement deux taxes en tant qu&rsquo;acheteur:<\/p>\n<ul>\n<li>Pour une maison existante, vous payez une taxe de transfert (impuesto de transmisiones patrimoniales).<\/li>\n<li>Pour une nouvelle construction, vous payez une TVA. Les deux sont g\u00e9n\u00e9ralement 10% du prix de la maison.<\/li>\n<li>Taxe sur les timbres (impuesto de actos jur\u00eddicos documentados).<\/li>\n<li>Les deux taxes peuvent varier selon l&rsquo;endroit o\u00f9 la propri\u00e9t\u00e9 est situ\u00e9e.<\/li>\n<\/ul>\n<p><strong>Frais de notaire et de greffe<\/strong><\/p>\n<p>Si vous obtenez une hypoth\u00e8que, la banque peut exiger des d\u00e9p\u00f4ts pour couvrir les paiements potentiels maximums. Une fois que la banque paie ces frais et que vous recevez votre escritura enregistr\u00e9e, une partie de ces paiements peut \u00eatre retourn\u00e9e.<\/p>\n<p><strong>Frais bancaires<\/strong><\/p>\n<p>Ces frais comprennent:<\/p>\n<ul>\n<li>L&rsquo;administration des paiements (gesti\u00f3n) \u00e0 l&rsquo;administration fiscale, notaire, et registre de la propri\u00e9t\u00e9.<\/li>\n<li>Les paiements d&rsquo;assurance pour la premi\u00e8re ann\u00e9e. (La banque exige que vous obteniez une assurance-vie et une assurance habitation.)<\/li>\n<li>Notez que l&rsquo;\u00e9valuation est \u00e9galement requise par la banque.<\/li>\n<\/ul>\n<h4>Qu&rsquo;est-ce que \u00ab\u00a0Black Money\u00a0\u00bb et comment cela affecte-t-il moi et mon achat<\/h4>\n<p><strong>Le trou noir de la propri\u00e9t\u00e9 espagnole<\/strong><\/p>\n<p>L&rsquo;achat d&rsquo;une maison en Espagne implique presque toujours de payer de l&rsquo;argent noir pour \u00e9chapper \u00e0 l&rsquo;imp\u00f4t, mais les expatri\u00e9s potentiels devraient \u00eatre avertis que le gouvernement durcit ce type de fraude.<\/p>\n<p>Pour acheter cette maison de r\u00eave, certains sont pr\u00eats \u00e0 payer &lsquo;l&rsquo;argent noir&rsquo;.<\/p>\n<p>Il y a une anecdote racont\u00e9e par certains avocats espagnols sur le roi Juan Carlos. Ils rapportent avec nonchalance apparente comment il a d\u00e9clar\u00e9 seulement 50 pour cent du co\u00fbt quand il a vendu l&rsquo;un de ses nombreux foyers &#8211; techniquement enfreindre la loi en \u00e9vitant l&rsquo;imp\u00f4t. Cependant, l&rsquo;attitude de ceux qui racontent cette histoire n&rsquo;est pas une pr\u00e9occupation effroyable que m\u00eame le monarque a un tel manque de respect pour la loi. Au lieu de cela, le roi est consid\u00e9r\u00e9 comme une puce du vieux bloc; l&rsquo;attitude semble \u00eatre \u00ab\u00a0s&rsquo;il peut s&rsquo;en tirer, pourquoi pas nous tous?\u00a0\u00bb Si vous achetez une maison en Espagne, vous serez presque certainement invit\u00e9 \u00e0 enfreindre la loi comme une partie de routine du processus. Refuser signifie g\u00e9n\u00e9ralement que vous faites face \u00e0 la perte de la maison de vos r\u00eaves; mais si vous allez de l&rsquo;avant et commettez ce qui est un crime, comme le conseillent de nombreux agents immobiliers &#8211; soyez pr\u00e9venus. Le gouvernement socialiste espagnol a lanc\u00e9 une campagne de r\u00e9pression contre les fraudeurs et les blanchisseurs d&rsquo;argent qui utilisent le march\u00e9 immobilier en plein essor pour cacher leurs gains mal acquis.La publicit\u00e9 internationale entourant le cas r\u00e9cent d&rsquo;une fraude de blanchiment d&rsquo;argent de 250 millions d&rsquo;euros centr\u00e9e sur un cabinet d&rsquo;avocats \u00e0 Marbella aid\u00e9 \u00e0 attirer l&rsquo;attention du gouvernement sur le probl\u00e8me. Les mafias d&rsquo;Europe de l&rsquo;Est achemineraient des millions de dollars \u00e0 travers ce cabinet d&rsquo;avocats. Le scandale \u00e9tait m\u00eame li\u00e9 au g\u00e9ant p\u00e9trolier russe Ioukos, bien que la soci\u00e9t\u00e9 nie vigoureusement les all\u00e9gations.<\/p>\n<h4>Avez-vous des conseils sur les hypoth\u00e8ques?<\/h4>\n<p><strong>Bon choix hypoth\u00e9caire lors de l&rsquo;achat \u00e0 l&rsquo;\u00e9tranger<\/strong><\/p>\n<p>Les services hypoth\u00e9caires pour acheter des biens \u00e0 l&rsquo;\u00e9tranger sont disponibles aupr\u00e8s de nombreuses banques offshore et soci\u00e9t\u00e9s de construction.<\/p>\n<p>Les taux varient selon le pays, mais ils sont susceptibles d&rsquo;\u00eatre l\u00e9g\u00e8rement plus bas en achetant en Europe et en contractant une hypoth\u00e8que aupr\u00e8s d&rsquo;une banque offshore bien connue, puis ils sont sur une propri\u00e9t\u00e9 au Royaume-Uni.<\/p>\n<p>Certaines banques n&rsquo;offrent des hypoth\u00e8ques qu&rsquo;en euros, bien que d&rsquo;autres les offrent \u00e9galement en livres sterling pour les personnes qui ach\u00e8tent en Europe. Toute personne qui opte pour une hypoth\u00e8que en euro mais qui est pay\u00e9e dans une autre devise doit se rappeler qu&rsquo;il existe un risque de volatilit\u00e9 du taux de change.<\/p>\n<p>Quiconque est pay\u00e9 en livres sterling devrait essayer d&#8217;emprunter en livres sterling. Les pr\u00eats hypoth\u00e9caires en euros ne conviennent vraiment qu&rsquo;\u00e0 ceux qui gagnent des euros. David Hollingworth, des courtiers hypoth\u00e9caires London &amp; Country Mortgages, a d\u00e9clar\u00e9: \u00ab\u00a0Il peut y avoir un risque de change suppl\u00e9mentaire si les emprunteurs prennent l&rsquo;hypoth\u00e8que dans une devise diff\u00e9rente de celle dans laquelle ils tirent leur revenu\u00a0\u00bb.<\/p>\n<p>\u00ab\u00a0Par exemple, si la monnaie \u00e9trang\u00e8re se renforce contre la livre alors effectivement l&rsquo;hypoth\u00e8que et les paiements mensuels augmentent m\u00eame s&rsquo;il n&rsquo;y a pas eu de changement dans le taux d&rsquo;int\u00e9r\u00eat pratiqu\u00e9.Si un pr\u00eateur \u00e9tranger est utilis\u00e9, l&rsquo;hypoth\u00e8que est susceptible d&rsquo;\u00eatre dans le pays \u00e9tranger devise, alors que certaines des op\u00e9rations offshore des pr\u00eateurs britanniques seront en mesure de pr\u00eater en sterling. \u00a0\u00bb<\/p>\n<h4>Documents d&rsquo;achat importants<\/h4>\n<p>Avant de signer quoi que ce soit, il y a des documents importants que vous et votre avocat devriez consulter &#8230;<\/p>\n<p>L&rsquo;Escritura Publica et Nota Simple &#8211; L&rsquo;Escritura Publica est l&rsquo;acte de propri\u00e9t\u00e9 enregistr\u00e9 de la propri\u00e9t\u00e9. Il est inscrit au registre de la propri\u00e9t\u00e9 et constitue la seule garantie de titre en Espagne. Il contient une description de la propri\u00e9t\u00e9, les d\u00e9tails du propri\u00e9taire et toutes les hypoth\u00e8ques ou les r\u00e9clamations l\u00e9gales qui existent contre la propri\u00e9t\u00e9. Ce document est important car il vous indique si le vendeur est le propri\u00e9taire de la propri\u00e9t\u00e9 vendue. Un nota simple contient plus de d\u00e9tails sur les hypoth\u00e8ques ou les charges sur la propri\u00e9t\u00e9 et est \u00e9galement disponible aupr\u00e8s du Registre.<\/p>\n<p>Le r\u00e9c\u00e9piss\u00e9 IBI &#8211; Avant d&rsquo;acheter une propri\u00e9t\u00e9 espagnole de revente (non nouvelle), consultez les \u00abImp\u00f4ts sur les biens meubles\u00bb, ou IBI, qui est la taxe fonci\u00e8re municipale. Id\u00e9alement, vous serez en mesure de voir les re\u00e7us IBI pour les cinq derni\u00e8res ann\u00e9es parce que c&rsquo;est la limite de responsabilit\u00e9 pour les arri\u00e9r\u00e9s d&rsquo;imp\u00f4ts et est attach\u00e9 \u00e0 la propri\u00e9t\u00e9, pas le propri\u00e9taire. Une nouvelle propri\u00e9t\u00e9 achet\u00e9e chez un d\u00e9veloppeur ne sera pas accompagn\u00e9e d&rsquo;un re\u00e7u IBI (car il n&rsquo;a jamais \u00e9t\u00e9 \u00abposs\u00e9d\u00e9\u00bb). Il vous appartiendra donc d&rsquo;enregistrer la propri\u00e9t\u00e9 pour cette taxe.<\/p>\n<p>The Referencia Catastral &#8211; Chaque vente de propri\u00e9t\u00e9 doit citer le \u00abReferencia Catastral\u00bb de la propri\u00e9t\u00e9 en question. Le Catastro est un autre syst\u00e8me d&rsquo;enregistrement de la propri\u00e9t\u00e9 en Espagne, en se concentrant sur l&#8217;emplacement, la description physique et les limites de la propri\u00e9t\u00e9. Alors que le Registre de la propri\u00e9t\u00e9 se concentre presque exclusivement sur la propri\u00e9t\u00e9 et le titre, le Catastro est pr\u00e9occup\u00e9 par l&rsquo;\u00e9valuation des biens.<\/p>\n<p>Ces deux syst\u00e8mes ne communiquent pas entre eux, et il est commun de constater que la description catastrale d&rsquo;une propri\u00e9t\u00e9 diff\u00e8re grandement de celle du Registre des propri\u00e9t\u00e9s. C&rsquo;est une bonne id\u00e9e de demander le certificat r\u00e9el du Catastro avec une description compl\u00e8te de la propri\u00e9t\u00e9. Le certificat est en deux parties, l&rsquo;une \u00e9tant une description de la propri\u00e9t\u00e9 et l&rsquo;autre \u00e9tant soit un plan ou une photographie a\u00e9rienne.<\/p>\n<p>Frais de communaut\u00e9, statuts et proc\u00e8s-verbaux de l&rsquo;AGA &#8211; Ceci s&rsquo;applique seulement si vous achetez une propri\u00e9t\u00e9 dans une urbanisation ou o\u00f9 il y a des ressources \u00abcommunales\u00bb, partag\u00e9es entre un certain nombre de propri\u00e9t\u00e9s. Ce sont les frais factur\u00e9s par la \u00abComunidad de Propietarios\u00bb, la Communaut\u00e9 des Propri\u00e9taires, organisme juridique qui contr\u00f4le tous les \u00e9l\u00e9ments communs; l&rsquo;ascenseur, les jardins et la piscine par exemple. Chaque propri\u00e9taire se voit attribuer un quota ou un pourcentage des d\u00e9penses qui, selon la loi, doivent \u00eatre pay\u00e9es.<\/p>\n<p>Factures de services publics &#8211; Ceux-ci vous assurer que les factures sont pay\u00e9es et donnent \u00e9galement une id\u00e9e de ce que les co\u00fbts de fonctionnement de la propri\u00e9t\u00e9 seront.<\/p>\n<p>Divers &#8211; Si vous achetez une propri\u00e9t\u00e9 dans une urbanisation, assurez-vous qu&rsquo;elle est l\u00e9gale et enregistr\u00e9e en demandant \u00e0 voir le plan plan approuv\u00e9 \u00e0 la mairie. Si la propri\u00e9t\u00e9 est sur la plage, assurez-vous que le d\u00e9veloppement est \u00e9galement approuv\u00e9 par la Jefatura de Costas. Pour une nouvelle propri\u00e9t\u00e9, assurez-vous qu&rsquo;elle a \u00e9t\u00e9 d\u00e9clar\u00e9e pour IBI et que le d\u00e9veloppeur a fait la &lsquo;declarationacion de obra nueva&rsquo;. Assurez-vous \u00e9galement que l&rsquo;escritura mentionne la maison que vous achetez ainsi que la parcelle de terrain sur laquelle elle se trouve. Comme une garantie suppl\u00e9mentaire, il est sage d&rsquo;examiner les cartes d&rsquo;urbanisme pour la zone autour du bien, appel\u00e9 le Plan G\u00e9n\u00e9ral d&rsquo;Ordenacion Urbana, ou PGOU.<\/p>\n<p>Informations gracieusement fournies par Strong Abogados (Avocat en Espagne)<\/p>","protected":false},"excerpt":{"rendered":"<p>Quels sont les co\u00fbts impliqu\u00e9s? En moyenne, le co\u00fbt d&rsquo;achat d&rsquo;une propri\u00e9t\u00e9 en Espagne sera de l&rsquo;ordre de 12% \u00e0 15% du prix d&rsquo;achat en fonction du prix d&rsquo;achat, de la complexit\u00e9 de la proc\u00e9dure et de la zone d&rsquo;Espagne dans laquelle vous achetez. Le notaire &#8211; 800 euros &#8211; Le notaire facture une taxe [&hellip;]<\/p>\n","protected":false},"author":1,"featured_media":0,"parent":0,"menu_order":0,"comment_status":"closed","ping_status":"closed","template":"","meta":{"footnotes":""},"class_list":["post-18415","page","type-page","status-publish","hentry"],"_links":{"self":[{"href":"https:\/\/www.findafinca4u.com\/fr\/wp-json\/wp\/v2\/pages\/18415","targetHints":{"allow":["GET"]}}],"collection":[{"href":"https:\/\/www.findafinca4u.com\/fr\/wp-json\/wp\/v2\/pages"}],"about":[{"href":"https:\/\/www.findafinca4u.com\/fr\/wp-json\/wp\/v2\/types\/page"}],"author":[{"embeddable":true,"href":"https:\/\/www.findafinca4u.com\/fr\/wp-json\/wp\/v2\/users\/1"}],"replies":[{"embeddable":true,"href":"https:\/\/www.findafinca4u.com\/fr\/wp-json\/wp\/v2\/comments?post=18415"}],"version-history":[{"count":13,"href":"https:\/\/www.findafinca4u.com\/fr\/wp-json\/wp\/v2\/pages\/18415\/revisions"}],"predecessor-version":[{"id":18812,"href":"https:\/\/www.findafinca4u.com\/fr\/wp-json\/wp\/v2\/pages\/18415\/revisions\/18812"}],"wp:attachment":[{"href":"https:\/\/www.findafinca4u.com\/fr\/wp-json\/wp\/v2\/media?parent=18415"}],"curies":[{"name":"wp","href":"https:\/\/api.w.org\/{rel}","templated":true}]}}