{"id":18413,"date":"2018-06-17T11:56:59","date_gmt":"2018-06-17T10:56:59","guid":{"rendered":"https:\/\/www.findafinca4u.com\/en\/?page_id=18413"},"modified":"2018-07-28T15:43:19","modified_gmt":"2018-07-28T14:43:19","slug":"frequently-asked-questions","status":"publish","type":"page","link":"https:\/\/www.findafinca4u.com\/fr\/questions-frequemment-posees\/","title":{"rendered":"Questions fr\u00e9quemment pos\u00e9es"},"content":{"rendered":"<p><strong>Quels sont les co\u00fbts d&rsquo;achat pour les acheteurs et les vendeurs?<\/strong><\/p>\n<p>En moyenne, le co\u00fbt d&rsquo;achat d&rsquo;une propri\u00e9t\u00e9 en Espagne sera de l&rsquo;ordre de 12% \u00e0 15% du prix d&rsquo;achat en fonction du prix d&rsquo;achat, de la complexit\u00e9 de la proc\u00e9dure et de la zone d&rsquo;Espagne dans laquelle vous achetez.<br \/>\nLe notaire &#8211; 800 euros &#8211; Le notaire facture une taxe standardis\u00e9e qui varie en fonction de la superficie, de la taille de la propri\u00e9t\u00e9 et de sa valeur d&rsquo;achat d\u00e9clar\u00e9e.<\/p>\n<p>Les frais d&rsquo;inscription &#8211; 300 \u00e0 700 euros &#8211; L&rsquo;inscription de la propri\u00e9t\u00e9 \u00e0 votre nom dans le registre officiel de la propri\u00e9t\u00e9<\/p>\n<p>La taxe de transfert &#8211; 10% de la valeur d&rsquo;achat d\u00e9clar\u00e9e<\/p>\n<p>Si vous achetez une nouvelle propri\u00e9t\u00e9 d&rsquo;un d\u00e9veloppeur, cette taxe sera la taxe sur la valeur ajout\u00e9e \u00e0 10%.<\/p>\n<p>La taxe documentaire &#8211; 0,5% \u00e0 1% de la valeur d\u00e9clar\u00e9e de la propri\u00e9t\u00e9 &#8211; Ceci \u00e9quivaut au droit de timbre et repr\u00e9sente actuellement 0,5% de la valeur d\u00e9clar\u00e9e de la propri\u00e9t\u00e9.<\/p>\n<p>Votre avocat &#8211; environ 1% de la valeur de la propri\u00e9t\u00e9. L&rsquo;avocat vous facturera environ 1% de la valeur de la transaction, \u00e0 moins de complications inhabituelles. Vous devriez demander un devis.<\/p>\n<p>Le d\u00e9p\u00f4t d&rsquo;imp\u00f4t \u00e0 la vente &#8211; 3% de la valeur d&rsquo;achat d\u00e9clar\u00e9e. Si vous achetez de quelqu&rsquo;un qui ne r\u00e9side pas en Espagne, vous d\u00e9posez 3% du prix d&rsquo;achat total au bureau des imp\u00f4ts au nom du vendeur comme une garantie contre ses obligations fiscales futures. Vous payez le vendeur 97% du prix, et payez l&rsquo;autre 3% directement au bureau des imp\u00f4ts. Cela sert de garantie contre les diverses obligations fiscales espagnoles du vendeur non-r\u00e9sident.<\/p>\n<p><strong>Quels sont les co\u00fbts annuels?<\/strong><br \/>\nLa taxe du conseil connue sous le nom de suma est pay\u00e9e annuellement et d\u00e9pend des zones et de la valeur de la propri\u00e9t\u00e9. Typiquement, cette quantit\u00e9 est beaucoup plus faible dans la zone o\u00f9 nous travaillons que sur la c\u00f4te. Beaucoup de clients disent que la taxe annuelle est similaire \u00e0 un mois d&rsquo;imp\u00f4t au Royaume-Uni.<br \/>\nIl y a aussi une tr\u00e8s petite charge pour la collecte des ordures, typiquement 60 euros<\/p>\n<p><strong>Quelles sont les taxes de vente?<\/strong><\/p>\n<p>Les r\u00e9sidents paieront des imp\u00f4ts dans la d\u00e9claration d&rsquo;imp\u00f4t des ann\u00e9es suivantes. Les non-r\u00e9sidents laisseront un d\u00e9p\u00f4t de 3% du prix d&rsquo;achat pour couvrir les taxes potentielles. Ce sera d\u00e9duit du prix d&rsquo;achat afin que l&rsquo;acheteur puisse le payer, en veillant \u00e0 ce que cela soit fait.<\/p>\n<p>La taxe municipale &#8211; Dans la r\u00e9gion de Sax, elle a tendance \u00e0 \u00eatre tr\u00e8s faible, bien que sur la c\u00f4te, elle peut varier entre 10% et 40% de l&rsquo;augmentation de la valeur de la propri\u00e9t\u00e9. Cette taxe municipale est en augmentation de la valeur de la propri\u00e9t\u00e9 depuis sa derni\u00e8re vente. Il est appel\u00e9 \u00abplus valia\u00bb et peut varier de 10% \u00e0 40% de l&rsquo;augmentation annuelle, en fonction de la dur\u00e9e entre les ventes et la ville dans laquelle la propri\u00e9t\u00e9 est situ\u00e9e. Je n&rsquo;ai jamais su que cela soit sup\u00e9rieur \u00e0 500 euros sur une propri\u00e9t\u00e9 de campagne.<\/p>\n<p><strong>Comment puis-je savoir que je n&rsquo;h\u00e9rite pas des dettes du vendeur?<\/strong><\/p>\n<p>L&rsquo;un des premiers documents que votre avocat demandera est un \u00ab\u00a0nota simple\u00a0\u00bb du registre foncier qui identifiera toutes les dettes enregistr\u00e9es. Une propri\u00e9t\u00e9 peut avoir une hypoth\u00e8que, donc une fois identifi\u00e9, nous pouvons organiser l&rsquo;annulation de la dette avant l&rsquo;achat. Le vendeur paiera tous les co\u00fbts associ\u00e9s \u00e0 cela.<\/p>\n<p>Les petites dettes non enregistr\u00e9es telles que les services publics et les frais de communaut\u00e9 seront v\u00e9rifi\u00e9es manuellement avec les fournisseurs individuels.<\/p>\n<p><strong>Comment puis-je r\u00e9server une propri\u00e9t\u00e9?<\/strong><\/p>\n<p>Une fois que votre avocat est satisfait de la paperasse, un contrat de d\u00e9p\u00f4t de 10% du prix d&rsquo;achat sera \u00e9tabli, y compris toutes les conditions convenues lors des n\u00e9gociations d&rsquo;achat. c&rsquo;est-\u00e0-dire le prix, l&rsquo;\u00e9chelle de temps pour l&rsquo;ach\u00e8vement. Il identifie \u00e9galement toutes les parties au contrat et la propri\u00e9t\u00e9 r\u00e9elle. Si les propri\u00e9taires ont besoin de mettre \u00e0 jour quoi que ce soit avant de le vendre, cela sera \u00e9galement document\u00e9. Une fois sign\u00e9 par les acheteurs et les vendeurs, le contrat est ensuite valid\u00e9 avec un virement bancaire sur le compte du vendeur.<\/p>\n<p><strong>Que dois-je faire une fois que j&rsquo;ai trouv\u00e9 une maison et que l&rsquo;offre est accept\u00e9e?<\/strong><\/p>\n<p>Assez souvent, les acheteurs sont ici une quantit\u00e9 limit\u00e9e de temps, il est donc important de l&rsquo;utiliser de mani\u00e8re constructive.<\/p>\n<p>D&rsquo;abord, ouvrez un compte en banque &#8230; Nous pouvons vous aider. Assurez-vous d&rsquo;apporter votre num\u00e9ro d&rsquo;assurance nationale avec vous. Aussi quelques relev\u00e9s bancaires, bulletins de salaire et passeport.<\/p>\n<p>Nommer un avocat. Vous mai ont \u00e9t\u00e9 recommand\u00e9 un. Si ce n&rsquo;est pas le cas, ou nous pouvons vous mettre en contact avec plusieurs options locales parlant Fran\u00e7ais<\/p>\n<p>Pr\u00e9parez-vous pour le num\u00e9ro NIE. Laissez-nous essayer et arranger un rendez-vous. La liste d&rsquo;attente est longue. Nous vous donnerons une date, si vous ne pouvez pas revenir, puis nous donner l&rsquo;autorisation de l&rsquo;obtenir pour vous. Nous aurons besoin de d\u00e9tails personnels, d&rsquo;une copie du passeport et d&rsquo;une photo.<\/p>\n<p>Ces trois choses sont d&rsquo;abord tr\u00e8s importantes si vous souhaitez acheter, une fois que ceux-ci sont en place votre avocat et nous allons faire bouger les choses.<\/p>\n<p><strong>Que se passe-t-il si le vendeur se retire?<\/strong><\/p>\n<p>Une fois l&rsquo;acompte vers\u00e9, s&rsquo;ils ne remplissent aucune des clauses du contrat, ils sont oblig\u00e9s de rembourser le double du d\u00e9p\u00f4t. Pour cette raison, nous demandons que le d\u00e9p\u00f4t soit pay\u00e9 d\u00e8s que possible une fois que la documentation est confirm\u00e9e comme \u00e9tant satisfaisante.<\/p>\n<p><strong>Combien de temps l&rsquo;achat prendra-t-il?<\/strong><\/p>\n<p>Typiquement, un achat rapide est de 1 mois et normal de 3 mois. Ce d\u00e9lai est normalement convenu au stade de la n\u00e9gociation. Si vous \u00eates press\u00e9 et qu&rsquo;une propri\u00e9t\u00e9 est vide souvent 1 mois est possible si vous avez votre nie et votre argent pr\u00eat.<\/p>\n<p><strong>Qu&rsquo;est-ce que Nie?<\/strong><\/p>\n<p>C&rsquo;est un num\u00e9ro qui est normalement d\u00e9livr\u00e9 par la police nationale et vous enregistre aupr\u00e8s du bureau des imp\u00f4ts. Il est n\u00e9cessaire d&rsquo;acheter et de payer vos taxes d&rsquo;achat. Nous pouvons vous aider si vous achetez avec nous. Souvent, il y a une liste d&rsquo;attente de deux ou trois mois, il est donc important d&rsquo;aller de l&rsquo;avant.<\/p>\n<p>Nous vous conseillerons sur le processus<\/p>\n<p><strong>Comment puis-je devenir r\u00e9sident<\/strong>?<\/p>\n<p>Cela peut \u00eatre fait apr\u00e8s l&rsquo;achat ou demand\u00e9 lorsque vous appliquez pour le Nie. Pour la r\u00e9sidence, ils exigeront des preuves que vous \u00eates en bonne forme financi\u00e8re, et vous avez une couverture m\u00e9dicale.<\/p>\n<p><strong>Est-ce que la propri\u00e9t\u00e9 a besoin d&rsquo;un certificat d&rsquo;\u00e9nergie avant que l&rsquo;achat puisse aller de l&rsquo;avant<\/strong>?<\/p>\n<p>Oui, l&rsquo;acheteur doit fournir un<\/p>\n<p><strong>Est-ce que la propri\u00e9t\u00e9 a besoin d&rsquo;un permis d&rsquo;occupation ou de deuxi\u00e8me occupation?<\/strong><\/p>\n<p>Dans les villes, ces licences sont requises pour changer l&rsquo;eau de distribution. La licence doit \u00eatre demand\u00e9e par vous, pas par le propri\u00e9taire pr\u00e9c\u00e9dent, car elle doit \u00eatre \u00e0 votre nom pour changer les utilitaires. Ceux-ci sont tr\u00e8s faciles \u00e0 obtenir, sauf si la propri\u00e9t\u00e9 n&rsquo;est pas propre \u00e0 vivre.<\/p>\n<p>Dans la campagne, vous n&rsquo;avez pas besoin de cela pour changer l&rsquo;approvisionnement en eau si ce n&rsquo;est pas de l&rsquo;eau potable. Certains avocats demandent ce document, mais normalement il n&rsquo;a pas vraiment de but si l&rsquo;eau potable n&rsquo;est pas disponible, et l&rsquo;\u00e9lectricit\u00e9 est connect\u00e9e. Pour cette raison, certaines mairies telles que Villena ne d\u00e9livrera m\u00eame pas le document.<\/p>\n<p>Cela n&rsquo;affecte pas les droits de vivre dans votre propri\u00e9t\u00e9. Votre maison doit \u00eatre enregistr\u00e9e dans le registre de la propri\u00e9t\u00e9 comme \u00abvivienda\u00bb (logement) et avec catastro et le bureau des imp\u00f4ts du conseil. Si c&rsquo;est le cas, vous pourrez vivre dans votre maison sans probl\u00e8me.<\/p>\n<p><strong>Qu&rsquo;est-ce que Padron?<\/strong><br \/>\nApr\u00e8s l&rsquo;achat, vous devez vous inscrire \u00e0 la mairie. Ils vous donnent un certificat qui sera n\u00e9cessaire pour diverses choses, comme s&rsquo;inscrire dans un centre m\u00e9dical et acheter une voiture.<\/p>\n<p><strong>Comment puis-je obtenir des services publics \u00e0 mon nom?<\/strong><\/p>\n<p>Tant que les services publics seront connect\u00e9s, nous aiderons \u00e0 \u00e9tablir des d\u00e9bits directs assurant la continuit\u00e9 du service.<br \/>\nParfois, des certificats devront \u00eatre appliqu\u00e9s pour lesquels nous vous aiderons. Normalement, dans les propri\u00e9t\u00e9s de la ville, un certificat d&rsquo;occupation est requis. Typiquement 300-400 euros couvre ce processus.<br \/>\nSi les utilitaires ne sont pas connect\u00e9s, nous pouvons vous aider avec cela, mais le co\u00fbt est diff\u00e9rent selon les cas. Les installations \u00e9lectriques et de plomberie peuvent n\u00e9cessiter des am\u00e9liorations et des certifications pour que la reconnexion puisse avoir lieu.<\/p>\n<p><strong>Est-ce que j&rsquo;ai des frais de communaut\u00e9, et comment puis-je les payer?<\/strong><br \/>\nTypiquement dans les appartements et les urbanisations il y a une charge de la communaut\u00e9 que vous devriez payer. Nous pouvons vous dire combien cela est, et organiser un d\u00e9bit direct<br \/>\nLa propri\u00e9t\u00e9 est-elle reli\u00e9e aux \u00e9gouts principaux<br \/>\nDans la ville avec votre facture d&rsquo;eau vous paierez pour les \u00e9gouts. Les propri\u00e9t\u00e9s de pays ont normalement leur propre syst\u00e8me. Un r\u00e9servoir ou un bain. Beaucoup de vieilles propri\u00e9t\u00e9s ont tremp\u00e9 dans l&rsquo;environnement. Il est possible de les changer pour une solution moderne et conforme pour aussi peu que 2000 euros.<\/p>\n<p><strong>Comment vider ma fosse septique?<\/strong><\/p>\n<p>Nous pouvons vous appeler une compagnie qui viendra vider la fosse septique.<\/p>\n<p><strong>Est-ce que j&rsquo;ai du gaz de r\u00e9seau?<\/strong><\/p>\n<p>Dans la ville, le gaz de ville est de plus en plus commun, mais dans la campagne, vous aurez besoin de gaz en bouteille. Pour avoir un contrat valide et une assurance valide, vous devrez payer pour des inspections p\u00e9riodiques et mettre \u00e0 jour les tuyaux en caoutchouc.<\/p>\n<p><strong>Y a-t-il de bons services m\u00e9dicaux?<\/strong><\/p>\n<p>\u00c0 Sax, Elda et Petrer, il y a des centres m\u00e9dicaux ouverts 24 heures sur 24. L&rsquo;h\u00f4pital d&rsquo;Elda est tr\u00e8s bon. Il y a des infirmi\u00e8res et des m\u00e9decins anglophones. Si vous n&rsquo;\u00eates pas couvert par la s\u00e9curit\u00e9 sociale, vous devez avoir une couverture m\u00e9dicale priv\u00e9e ou payer des cotisations volontaires pour des soins m\u00e9dicaux. C&rsquo;est \u00e0 mon avis le meilleur car il est bon march\u00e9, et la couverture ne garantit pas contre les conditions pr\u00e9existantes.<\/p>\n<p><strong>Ai-je besoin d&rsquo;une alarme?<\/strong><\/p>\n<p>Le crime grave dans cette r\u00e9gion est beaucoup plus bas que la c\u00f4te. Cependant, une alarme peut vous apporter la tranquillit\u00e9 d&rsquo;esprit en laissant une propri\u00e9t\u00e9 non fr\u00e9quent\u00e9e, ou m\u00eame pendant que vous vivez l\u00e0-bas. Ces jours n&rsquo;importe o\u00f9 dans le monde, vous devez faire attention, mais cette zone est tr\u00e8s s\u00fbre.<\/p>\n<p><strong>Les reprises de possession bancaires sont-elles un bon achat?<\/strong><\/p>\n<p>G\u00e9n\u00e9ralement, ces propri\u00e9t\u00e9s ont \u00e9t\u00e9 d\u00e9truites, des services publics ont \u00e9t\u00e9 impay\u00e9s et coup\u00e9s, et les taxes et les communaut\u00e9s n&rsquo;ont pas \u00e9t\u00e9 pay\u00e9es. Les banques voudront que vous preniez un engagement rapide et que le processus de vente ne dure qu&rsquo;un mois. Apr\u00e8s quoi, la banque ne sera plus int\u00e9ress\u00e9e \u00e0 r\u00e9soudre les probl\u00e8mes.<br \/>\nPour l&rsquo;acheteur exp\u00e9riment\u00e9 et l&rsquo;investisseur avec des fonds de pr\u00e9voyance pour les probl\u00e8mes, ces propri\u00e9t\u00e9s peuvent parfois \u00eatre une bonne valeur. D&rsquo;autres fois, ce qui semble initialement bon march\u00e9 s&rsquo;av\u00e8re tr\u00e8s cher. Une extr\u00eame prudence et de l&rsquo;exp\u00e9rience est recommand\u00e9e.<br \/>\nNous ne les vendons pas en raison de la masse de probl\u00e8mes qui peuvent survenir.<\/p>\n<p><strong>Connaissez-vous des commer\u00e7ants qui peuvent vous aider?<\/strong><\/p>\n<p>Apr\u00e8s 14 ans, nous avons form\u00e9 un bon groupe de commer\u00e7ants professionnels qui peuvent aider avec tous les aspects des r\u00e9formes, des corrections et des am\u00e9liorations. En tant que service payant, nous pouvons \u00e9galement superviser les travaux de construction en votre nom.<\/p>\n<p><strong>Qu&rsquo;est-ce que je fais avec toutes mes olives ou r\u00e9coltes?<\/strong><\/p>\n<p>Certaines personnes sont heureuses pour un agriculteur local de prendre en charge l&rsquo;entretien et la r\u00e9colte des cultures et de garder la parcelle en bon \u00e9tat. Certains autres clients aiment se r\u00e9colter, ce qui implique de rejoindre la coop\u00e9rative. C&rsquo;est tr\u00e8s enrichissant. Nous avons des contacts pour vous aider en cours de route.<\/p>\n<p><strong>L&rsquo;assurance habitation est-elle n\u00e9cessaire?<\/strong><\/p>\n<p>Nous vous recommandons d&rsquo;assurer enti\u00e8rement votre propri\u00e9t\u00e9 et de vous aider \u00e0 obtenir des devis. En tant que service payant, nous pouvons g\u00e9rer les reclamations<\/p>","protected":false},"excerpt":{"rendered":"<p>Quels sont les co\u00fbts d&rsquo;achat pour les acheteurs et les vendeurs? En moyenne, le co\u00fbt d&rsquo;achat d&rsquo;une propri\u00e9t\u00e9 en Espagne sera de l&rsquo;ordre de 12% \u00e0 15% du prix d&rsquo;achat en fonction du prix d&rsquo;achat, de la complexit\u00e9 de la proc\u00e9dure et de la zone d&rsquo;Espagne dans laquelle vous achetez. Le notaire &#8211; 800 euros [&hellip;]<\/p>\n","protected":false},"author":1,"featured_media":0,"parent":0,"menu_order":0,"comment_status":"closed","ping_status":"closed","template":"","meta":{"footnotes":""},"class_list":["post-18413","page","type-page","status-publish","hentry"],"_links":{"self":[{"href":"https:\/\/www.findafinca4u.com\/fr\/wp-json\/wp\/v2\/pages\/18413","targetHints":{"allow":["GET"]}}],"collection":[{"href":"https:\/\/www.findafinca4u.com\/fr\/wp-json\/wp\/v2\/pages"}],"about":[{"href":"https:\/\/www.findafinca4u.com\/fr\/wp-json\/wp\/v2\/types\/page"}],"author":[{"embeddable":true,"href":"https:\/\/www.findafinca4u.com\/fr\/wp-json\/wp\/v2\/users\/1"}],"replies":[{"embeddable":true,"href":"https:\/\/www.findafinca4u.com\/fr\/wp-json\/wp\/v2\/comments?post=18413"}],"version-history":[{"count":18,"href":"https:\/\/www.findafinca4u.com\/fr\/wp-json\/wp\/v2\/pages\/18413\/revisions"}],"predecessor-version":[{"id":19816,"href":"https:\/\/www.findafinca4u.com\/fr\/wp-json\/wp\/v2\/pages\/18413\/revisions\/19816"}],"wp:attachment":[{"href":"https:\/\/www.findafinca4u.com\/fr\/wp-json\/wp\/v2\/media?parent=18413"}],"curies":[{"name":"wp","href":"https:\/\/api.w.org\/{rel}","templated":true}]}}