{"id":18411,"date":"2018-06-17T11:56:37","date_gmt":"2018-06-17T10:56:37","guid":{"rendered":"https:\/\/www.findafinca4u.com\/en\/?page_id=18411"},"modified":"2018-07-11T10:01:39","modified_gmt":"2018-07-11T09:01:39","slug":"about-us","status":"publish","type":"page","link":"https:\/\/www.findafinca4u.com\/fr\/about-us\/","title":{"rendered":"\u00c0 propos de nous"},"content":{"rendered":"<p>Ayant v\u00e9cu et travaill\u00e9 dans l&rsquo;Espagne rurale de nombreuses ann\u00e9es, nous avons beaucoup d&rsquo;exp\u00e9rience dans la recherche de propri\u00e9t\u00e9 de pays espagnol. La majorit\u00e9 de nos propri\u00e9t\u00e9s sont situ\u00e9es \u00e0 30 minutes de l&rsquo;a\u00e9roport d&rsquo;Alicante dans une zone pittoresque avec de bonnes liaisons avec les plages blanches d&rsquo;Alicante. Une r\u00e9gion dot\u00e9e d&rsquo;un climat fantastique et d&rsquo;une culture riche et pr\u00e9serv\u00e9e. Un endroit parfait pour les personnes \u00e0 la recherche de maisons de vacances ou de retraite offrant un mode de vie diff\u00e9rent moins stressant.<\/p>\n<p>Nous vendons des propri\u00e9t\u00e9s ici depuis 2004, nous sommes fiers de rendre le processus d&rsquo;achat simple et s\u00fbr. Nous offrons \u00e9galement un service apr\u00e8s-vente complet. Nous sommes toujours heureux d&rsquo;aider m\u00eame nos premiers clients avec n&rsquo;importe quel aspect de la vie en Espagne.<\/p>\n<p>Les propri\u00e9t\u00e9s vont des appartements et des maisons de ville aux plus populaires des villas connues sous le nom de fincas aux habitants. Nous avons aussi beaucoup de parcelles et pouvons aider les gens \u00e0 construire leur maison de r\u00eave \u00e0 partir de z\u00e9ro.<\/p>\n<p>Veuillez vous r\u00e9f\u00e9rer \u00e0 notre nouvelle s\u00e9lection de construction pour plus d&rsquo;informations.<\/p>\n<p>Nos ventes de propri\u00e9t\u00e9 les plus typiques sont les maisons de campagne qui viennent g\u00e9n\u00e9ralement avec un grand terrain, normalement divis\u00e9 entre un jardin, des terrasses, une piscine priv\u00e9e, et assez souvent un verger.<\/p>\n<p>Les amandes, les olives et les raisins sont l&rsquo;agriculture principale ici, et ses propri\u00e9t\u00e9s normales viennent avec une grande quantit\u00e9 de ces arbres. Vous pouvez vous joindre \u00e0 la coop\u00e9rative locale et r\u00e9colter vos propres arbres, ou laisser un agriculteur local prendre en charge l&rsquo;entretien en \u00e9change de la r\u00e9colte.<\/p>\n<p>\u00c9tant dans une zone avec plusieurs montagnes pro\u00e9minentes, les vues sont souvent spectaculaires. La grande quantit\u00e9 d&rsquo;oliviers fournissant de la verdure toute l&rsquo;ann\u00e9e contrast\u00e9e avec les fleurs roses et blanches des amandiers et l&rsquo;abondance des vignobles offrent un environnement merveilleux \u00e0 vivre.<\/p>\n<p>Nos clients habituels sont des personnes qui veulent vraiment vivre le r\u00eave de vivre dans ce climat extraordinaire, tout en d\u00e9couvrant la merveilleuse culture qui s&rsquo;int\u00e8gre dans les communaut\u00e9s locales. Les villes ne sont pas des lieux touristiques typiques et gardent leur ambiance toute l&rsquo;ann\u00e9e. Ils ne deviennent pas d\u00e9serts en hiver et claustrophobes en \u00e9t\u00e9.<\/p>\n<p>L&rsquo;achat dans ce domaine offre toujours un excellent rapport qualit\u00e9-prix tout en offrant surtout un mode de vie qui est incomparable.<\/p>","protected":false},"excerpt":{"rendered":"<p>Ayant v\u00e9cu et travaill\u00e9 dans l&rsquo;Espagne rurale de nombreuses ann\u00e9es, nous avons beaucoup d&rsquo;exp\u00e9rience dans la recherche de propri\u00e9t\u00e9 de pays espagnol. La majorit\u00e9 de nos propri\u00e9t\u00e9s sont situ\u00e9es \u00e0 30 minutes de l&rsquo;a\u00e9roport d&rsquo;Alicante dans une zone pittoresque avec de bonnes liaisons avec les plages blanches d&rsquo;Alicante. Une r\u00e9gion dot\u00e9e d&rsquo;un climat fantastique et [&hellip;]<\/p>\n","protected":false},"author":1,"featured_media":0,"parent":0,"menu_order":0,"comment_status":"closed","ping_status":"closed","template":"template-about-us.php","meta":{"footnotes":""},"class_list":["post-18411","page","type-page","status-publish","hentry"],"_links":{"self":[{"href":"https:\/\/www.findafinca4u.com\/fr\/wp-json\/wp\/v2\/pages\/18411","targetHints":{"allow":["GET"]}}],"collection":[{"href":"https:\/\/www.findafinca4u.com\/fr\/wp-json\/wp\/v2\/pages"}],"about":[{"href":"https:\/\/www.findafinca4u.com\/fr\/wp-json\/wp\/v2\/types\/page"}],"author":[{"embeddable":true,"href":"https:\/\/www.findafinca4u.com\/fr\/wp-json\/wp\/v2\/users\/1"}],"replies":[{"embeddable":true,"href":"https:\/\/www.findafinca4u.com\/fr\/wp-json\/wp\/v2\/comments?post=18411"}],"version-history":[{"count":24,"href":"https:\/\/www.findafinca4u.com\/fr\/wp-json\/wp\/v2\/pages\/18411\/revisions"}],"predecessor-version":[{"id":18902,"href":"https:\/\/www.findafinca4u.com\/fr\/wp-json\/wp\/v2\/pages\/18411\/revisions\/18902"}],"wp:attachment":[{"href":"https:\/\/www.findafinca4u.com\/fr\/wp-json\/wp\/v2\/media?parent=18411"}],"curies":[{"name":"wp","href":"https:\/\/api.w.org\/{rel}","templated":true}]}}