{"id":18409,"date":"2018-06-17T11:56:12","date_gmt":"2018-06-17T10:56:12","guid":{"rendered":"https:\/\/www.findafinca4u.com\/en\/?page_id=18409"},"modified":"2022-05-11T12:39:37","modified_gmt":"2022-05-11T11:39:37","slug":"links","status":"publish","type":"page","link":"https:\/\/www.findafinca4u.com\/fr\/villas-neuves\/","title":{"rendered":"Villas Neuves"},"content":{"rendered":"<p><\/p>\n<div id=\"gt-src-c\" class=\"g-unit\">\n<div id=\"gt-src-p\">\n<div id=\"gt-src-wrap\" class=\"\">\n<div id=\"gt-src-cc\">\n<div>\n<p>Nous offrons un service complet de nouvelle construction. De nouvelles maisons peuvent \u00eatre construites selon vos sp\u00e9cifications sur la base de nos mod\u00e8les rustiques ou modernes. Alternativement, vous pouvez nous donner un design enti\u00e8rement personnalis\u00e9. Des prix garantis peuvent \u00eatre donn\u00e9s une fois que vous avez d\u00e9cid\u00e9 d&rsquo;un terrain, d&rsquo;un design et d&rsquo;extras. Notre architecte et constructeur accompli prendra le mal de t\u00eate de la construction de votre nouvelle maison en Espagne. Les paiements par \u00e9tapes et le fait d&rsquo;avoir l&rsquo;intrigue \u00e0 votre nom offriront une s\u00e9curit\u00e9 compl\u00e8te tout au long du processus. Tout ce dont vous pouvez r\u00eaver, nous pouvons le concr\u00e9tiser. Nous avons une grande gamme de terrains \u00e0 b\u00e2tir de 1 hectare et plus \u00e0 la campagne. Nous pouvons vous montrer les versions termin\u00e9es et vous pr\u00e9senter des clients satisfaits.<\/p>\n<p>&nbsp;<\/p>\n<p><img loading=\"lazy\" decoding=\"async\" class=\"alignnone size-medium wp-image-19498\" src=\"https:\/\/www.findafinca4u.com\/wp-content\/uploads\/2018\/07\/LYC-ZOCALO-NEGRO-TRAD-11-300x225.jpg\" alt=\"\" width=\"300\" height=\"225\" srcset=\"https:\/\/www.findafinca4u.com\/wp-content\/uploads\/2018\/07\/LYC-ZOCALO-NEGRO-TRAD-11-300x225.jpg 300w, https:\/\/www.findafinca4u.com\/wp-content\/uploads\/2018\/07\/LYC-ZOCALO-NEGRO-TRAD-11-768x576.jpg 768w, https:\/\/www.findafinca4u.com\/wp-content\/uploads\/2018\/07\/LYC-ZOCALO-NEGRO-TRAD-11.jpg 1024w\" sizes=\"auto, (max-width: 300px) 100vw, 300px\" \/><\/p>\n<p>Au rez-de-chauss\u00e9e: grand hall d&rsquo;entr\u00e9e, salon-salle \u00e0 manger avec chemin\u00e9e, cuisine \u00e9quip\u00e9e (sauf pour les appareils \u00e9lectriques), buanderie, chambre avec placard et salle de bains. Grand porche avec acc\u00e8s depuis le salon par des portes-fen\u00eatres.<\/p>\n<p><img loading=\"lazy\" decoding=\"async\" class=\"alignnone size-medium wp-image-19500\" src=\"https:\/\/www.findafinca4u.com\/wp-content\/uploads\/2018\/07\/LYC-ZOCALO-NEGRO-TRAD-II-1-300x225.jpg\" alt=\"\" width=\"300\" height=\"225\" srcset=\"https:\/\/www.findafinca4u.com\/wp-content\/uploads\/2018\/07\/LYC-ZOCALO-NEGRO-TRAD-II-1-300x225.jpg 300w, https:\/\/www.findafinca4u.com\/wp-content\/uploads\/2018\/07\/LYC-ZOCALO-NEGRO-TRAD-II-1-768x576.jpg 768w, https:\/\/www.findafinca4u.com\/wp-content\/uploads\/2018\/07\/LYC-ZOCALO-NEGRO-TRAD-II-1.jpg 1024w\" sizes=\"auto, (max-width: 300px) 100vw, 300px\" \/><br \/>\nAu deuxi\u00e8me \u00e9tage: chambre principale avec salle de bain en suite, grande penderie, avec 2 autres chambres partageant une deuxi\u00e8me salle de bain et un espace pour un bureau. Toutes les chambres ont acc\u00e8s \u00e0 un balcon.<\/p>\n<\/div>\n<p><img loading=\"lazy\" decoding=\"async\" class=\"alignnone size-medium wp-image-19497\" src=\"https:\/\/www.findafinca4u.com\/wp-content\/uploads\/2018\/07\/LYC-ZOCALO-NEGRO-TRAD-10-300x225.jpg\" alt=\"\" width=\"300\" height=\"225\" srcset=\"https:\/\/www.findafinca4u.com\/wp-content\/uploads\/2018\/07\/LYC-ZOCALO-NEGRO-TRAD-10-300x225.jpg 300w, https:\/\/www.findafinca4u.com\/wp-content\/uploads\/2018\/07\/LYC-ZOCALO-NEGRO-TRAD-10-768x576.jpg 768w, https:\/\/www.findafinca4u.com\/wp-content\/uploads\/2018\/07\/LYC-ZOCALO-NEGRO-TRAD-10.jpg 1024w\" sizes=\"auto, (max-width: 300px) 100vw, 300px\" \/><\/p>\n<div>\n<p>3000m2 du terrain de 10000m2 seront cl\u00f4tur\u00e9s et accessibles via des portes en fer forg\u00e9 pr\u00e9par\u00e9es pour la t\u00e9l\u00e9commande.<\/p>\n<p>Nous pouvons construire la maison de vos r\u00eaves pour qu&rsquo;elle soit pr\u00eate en 6 mois.<\/p>\n<p>Options disponibles<\/p>\n<p>Option 150 MT2<\/p>\n<p>Prix \u200b\u200b\u00e0 partir de: 219 500 euros<\/p>\n<p>Piscine 8&#215;4 suppl\u00e9mentaire: 10.000 euros<\/p>\n<p>Option 180 MT2<\/p>\n<p>Prix \u200b\u200b\u00e0 partir de 249.500 euros<\/p>\n<p>Piscine 8&#215;4 suppl\u00e9mentaire: 10.000 euros<\/p>\n<p>&nbsp;<\/p>\n<p>Ce ne sont pas des options fixes, nous pouvons travailler avec vous, vos id\u00e9es et votre budget pour obtenir ce que vous voulez, mais les exemples montrent ce qui est disponible.<\/p>\n<p>La versi\u00f3n de 180m a de la place pour des chambres plus grandes, un dressing et une salle de bains pour la chambre principale, ainsi qu&rsquo;une salle de bain commune \u00e0 l&rsquo;\u00e9tage.<\/p>\n<p>La cuisine du rez-de-chauss\u00e9e peut \u00eatre s\u00e9par\u00e9e ou ouverte avec salle \u00e0 manger, buanderie s\u00e9par\u00e9e, couloir, chambre et salon.<\/p>\n<p>Vous pouvez ensuite sp\u00e9cifier d&rsquo;autres extras. Les extras typiques sont:<\/p>\n<p>Garage<\/p>\n<p>Espace barbecue<\/p>\n<p>plus grande piscine<\/p>\n<p>tout cela peut \u00eatre con\u00e7u \u00e0 votre guise et construit \u00e0 la taille sp\u00e9cifi\u00e9e en fonction du budget et de la taille du terrain.<br \/>\nLes propri\u00e9t\u00e9s sont livr\u00e9es avec tous les certificats, y compris la licence de premi\u00e8re occupation, l&rsquo;\u00e9lectricit\u00e9 et l&rsquo;eau connect\u00e9e.<br \/>\ntemps de construction d&rsquo;environ 7 mois, \u00e9ch\u00e9anciers de paiement tr\u00e8s favorables.<\/p>\n<p># Le prix comprend une parcelle de base, mais il y a beaucoup de choix et les prix des parcelles varient selon l&#8217;emplacement et la taille, nous vous donnerons donc un prix total garanti en fonction des parcelles individuelles. Cela vous \u00e9vitera tout souci de voir votre projet d\u00e9passer le budget.<\/p>\n<p>Nous avons des clients satisfaits qui vous feront plaisir de voir leurs maisons achev\u00e9es avant d&rsquo;accepter d&rsquo;acheter, et partagerons \u00e9galement leur exp\u00e9rience d&rsquo;achat avec vous.<\/p>\n<p>&nbsp;<\/p>\n<p>Nous proposons \u00e9galement une gamme de designs modernes &#8230;.<\/p>\n<\/div>\n<p><img loading=\"lazy\" decoding=\"async\" class=\"alignnone size-medium wp-image-19485\" src=\"https:\/\/www.findafinca4u.com\/wp-content\/uploads\/2018\/07\/MODERNA-5-1-300x180.jpg\" alt=\"\" width=\"300\" height=\"180\" srcset=\"https:\/\/www.findafinca4u.com\/wp-content\/uploads\/2018\/07\/MODERNA-5-1-300x180.jpg 300w, https:\/\/www.findafinca4u.com\/wp-content\/uploads\/2018\/07\/MODERNA-5-1-768x461.jpg 768w, https:\/\/www.findafinca4u.com\/wp-content\/uploads\/2018\/07\/MODERNA-5-1.jpg 1024w\" sizes=\"auto, (max-width: 300px) 100vw, 300px\" \/><\/p>\n<div>\n<p>Luxueuse cl\u00e9 de villa au design moderne pr\u00eate en sept mois. Endroit calme \u00e0 la campagne \u00e0 10 minutes en voiture de la ville anim\u00e9e de Pinoso.<\/p>\n<p>La propri\u00e9t\u00e9 sera sur un terrain de 10 000 m2 avec eau connect\u00e9e \u00e9lectrique, internet possible.<\/p>\n<p>Les 3500m2 imm\u00e9diats autour de la maison seront cl\u00f4tur\u00e9s.<\/p>\n<p>Portail coulissant en fer forg\u00e9 pr\u00e9par\u00e9 pour un moteur<\/p>\n<p>nous consulter pour prix et options<\/p>\n<p>En bas. Hall d&rsquo;entr\u00e9e, salon et salle \u00e0 manger. Cuisine \u00e9quip\u00e9e<\/p>\n<p>1 salle de bain et v\u00e9randa.<\/p>\n<p>en haut.<\/p>\n<p>1 chambre en suite.<\/p>\n<p>2 autres chambres avec salle de bain partag\u00e9e.<\/p>\n<p>Toutes les chambres ont acc\u00e8s \u00e0 la terrasse.<\/p>\n<p>Superbe propri\u00e9t\u00e9 moderne \u00e0 construire par un constructeur professionnel.<\/p>\n<p>Moderne 1:<\/p>\n<p>145 m2. Prix \u200b\u200bde d\u00e9part 229150 sans piscine<\/p>\n<p>&nbsp;<\/p>\n<p>plus de photos&#8230;\u2026.<\/p>\n<p>https:\/\/1drv.ms\/f\/s!AkGJF9jHzdjlg7dxmIt3xHEQcoXkLg<\/p>\n<\/div>\n<div id=\"gt-src-cc-ctr\" class=\"cc-ctr gt-src-cc-normal\"><\/div>\n<div><\/div>\n<div><\/div>\n<\/div>\n<\/div>\n<\/div>\n<\/div>\n<div id=\"gt-res-c\" class=\"g-unit\">\n<div id=\"gt-res-p\">\n<div id=\"gt-res-data\">\n<div id=\"gt-res-wrap\">\n<div id=\"gt-res-content\">\n<p>&nbsp;<\/p>\n<div id=\"gt-res-dir-ctr\" class=\"trans-verified-button-small\" dir=\"ltr\">\n<p>&nbsp;<\/p>\n<p>&nbsp;<\/p>\n<p>&nbsp;<\/p>\n<p>&nbsp;<\/p>\n<p>&nbsp;<\/p>\n<p>&nbsp;<\/p>\n<p>&nbsp;<\/p>\n<\/div>\n<p>&nbsp;<\/p>\n<div id=\"gt-res-dir-ctr\" class=\"trans-verified-button-small\" dir=\"ltr\">\n<p>&nbsp;<\/p>\n<\/div>\n<p>&nbsp;<\/p>\n<div id=\"gt-res-dir-ctr\" class=\"trans-verified-button-small\" dir=\"ltr\">\n<p>&nbsp;<\/p>\n<p><img loading=\"lazy\" decoding=\"async\" class=\"size-medium wp-image-19508\" src=\"https:\/\/www.findafinca4u.com\/wp-content\/uploads\/2018\/07\/ACABADOS-MODERNOS-2-300x201.jpg\" alt=\"\" width=\"300\" height=\"201\" srcset=\"https:\/\/www.findafinca4u.com\/wp-content\/uploads\/2018\/07\/ACABADOS-MODERNOS-2-300x201.jpg 300w, https:\/\/www.findafinca4u.com\/wp-content\/uploads\/2018\/07\/ACABADOS-MODERNOS-2.jpg 600w\" sizes=\"auto, (max-width: 300px) 100vw, 300px\" \/><\/p>\n<p><img loading=\"lazy\" decoding=\"async\" class=\"alignnone size-medium wp-image-19509\" src=\"https:\/\/www.findafinca4u.com\/wp-content\/uploads\/2018\/07\/ACABADOS-MODERNOS-1-225x300.jpg\" alt=\"\" width=\"225\" height=\"300\" srcset=\"https:\/\/www.findafinca4u.com\/wp-content\/uploads\/2018\/07\/ACABADOS-MODERNOS-1-225x300.jpg 225w, https:\/\/www.findafinca4u.com\/wp-content\/uploads\/2018\/07\/ACABADOS-MODERNOS-1.jpg 768w\" sizes=\"auto, (max-width: 225px) 100vw, 225px\" \/><\/p>\n<p><img loading=\"lazy\" decoding=\"async\" class=\"size-medium wp-image-19510\" src=\"https:\/\/www.findafinca4u.com\/wp-content\/uploads\/2018\/07\/ACABADOS-MODERNOS-3-300x201.jpg\" alt=\"\" width=\"300\" height=\"201\" srcset=\"https:\/\/www.findafinca4u.com\/wp-content\/uploads\/2018\/07\/ACABADOS-MODERNOS-3-300x201.jpg 300w, https:\/\/www.findafinca4u.com\/wp-content\/uploads\/2018\/07\/ACABADOS-MODERNOS-3.jpg 600w\" sizes=\"auto, (max-width: 300px) 100vw, 300px\" \/><\/p>\n<p>&nbsp;<\/p>\n<\/div>\n<p><img loading=\"lazy\" decoding=\"async\" class=\"size-medium wp-image-19514\" src=\"https:\/\/www.findafinca4u.com\/wp-content\/uploads\/2018\/07\/ACABADOS-MODERNOS-13-201x300.jpg\" alt=\"\" width=\"201\" height=\"300\" srcset=\"https:\/\/www.findafinca4u.com\/wp-content\/uploads\/2018\/07\/ACABADOS-MODERNOS-13-201x300.jpg 201w, https:\/\/www.findafinca4u.com\/wp-content\/uploads\/2018\/07\/ACABADOS-MODERNOS-13.jpg 402w\" sizes=\"auto, (max-width: 201px) 100vw, 201px\" \/><\/p>\n<p><img loading=\"lazy\" decoding=\"async\" class=\"size-medium wp-image-19516\" src=\"https:\/\/www.findafinca4u.com\/wp-content\/uploads\/2018\/07\/ACABADOS-MODERNOS-15-300x201.jpg\" alt=\"\" width=\"300\" height=\"201\" srcset=\"https:\/\/www.findafinca4u.com\/wp-content\/uploads\/2018\/07\/ACABADOS-MODERNOS-15-300x201.jpg 300w, https:\/\/www.findafinca4u.com\/wp-content\/uploads\/2018\/07\/ACABADOS-MODERNOS-15.jpg 600w\" sizes=\"auto, (max-width: 300px) 100vw, 300px\" \/><\/p>\n<p><img loading=\"lazy\" decoding=\"async\" class=\"alignnone size-medium wp-image-19517\" src=\"https:\/\/www.findafinca4u.com\/wp-content\/uploads\/2018\/07\/MODERNA-2-1-300x133.jpg\" alt=\"\" width=\"300\" height=\"133\" srcset=\"https:\/\/www.findafinca4u.com\/wp-content\/uploads\/2018\/07\/MODERNA-2-1-300x133.jpg 300w, https:\/\/www.findafinca4u.com\/wp-content\/uploads\/2018\/07\/MODERNA-2-1-768x341.jpg 768w, https:\/\/www.findafinca4u.com\/wp-content\/uploads\/2018\/07\/MODERNA-2-1-1024x454.jpg 1024w, https:\/\/www.findafinca4u.com\/wp-content\/uploads\/2018\/07\/MODERNA-2-1.jpg 1920w\" sizes=\"auto, (max-width: 300px) 100vw, 300px\" \/> <img loading=\"lazy\" decoding=\"async\" class=\"alignnone size-medium wp-image-19518\" src=\"https:\/\/www.findafinca4u.com\/wp-content\/uploads\/2018\/07\/MODERNA-2-2-300x120.jpg\" alt=\"\" width=\"300\" height=\"120\" srcset=\"https:\/\/www.findafinca4u.com\/wp-content\/uploads\/2018\/07\/MODERNA-2-2-300x120.jpg 300w, https:\/\/www.findafinca4u.com\/wp-content\/uploads\/2018\/07\/MODERNA-2-2-768x307.jpg 768w, https:\/\/www.findafinca4u.com\/wp-content\/uploads\/2018\/07\/MODERNA-2-2-1024x410.jpg 1024w, https:\/\/www.findafinca4u.com\/wp-content\/uploads\/2018\/07\/MODERNA-2-2.jpg 1920w\" sizes=\"auto, (max-width: 300px) 100vw, 300px\" \/> <img loading=\"lazy\" decoding=\"async\" class=\"alignnone size-medium wp-image-19519\" src=\"https:\/\/www.findafinca4u.com\/wp-content\/uploads\/2018\/07\/MODERNA-2-3-300x167.jpg\" alt=\"\" width=\"300\" height=\"167\" srcset=\"https:\/\/www.findafinca4u.com\/wp-content\/uploads\/2018\/07\/MODERNA-2-3-300x167.jpg 300w, https:\/\/www.findafinca4u.com\/wp-content\/uploads\/2018\/07\/MODERNA-2-3-768x426.jpg 768w, https:\/\/www.findafinca4u.com\/wp-content\/uploads\/2018\/07\/MODERNA-2-3-1024x569.jpg 1024w, https:\/\/www.findafinca4u.com\/wp-content\/uploads\/2018\/07\/MODERNA-2-3-900x500.jpg 900w, https:\/\/www.findafinca4u.com\/wp-content\/uploads\/2018\/07\/MODERNA-2-3-670x372.jpg 670w, https:\/\/www.findafinca4u.com\/wp-content\/uploads\/2018\/07\/MODERNA-2-3.jpg 1920w\" sizes=\"auto, (max-width: 300px) 100vw, 300px\" \/> <img loading=\"lazy\" decoding=\"async\" class=\"alignnone size-medium wp-image-19520\" src=\"https:\/\/www.findafinca4u.com\/wp-content\/uploads\/2018\/07\/MODERNA-3-1-300x150.jpg\" alt=\"\" width=\"300\" height=\"150\" srcset=\"https:\/\/www.findafinca4u.com\/wp-content\/uploads\/2018\/07\/MODERNA-3-1-300x150.jpg 300w, https:\/\/www.findafinca4u.com\/wp-content\/uploads\/2018\/07\/MODERNA-3-1-768x384.jpg 768w, https:\/\/www.findafinca4u.com\/wp-content\/uploads\/2018\/07\/MODERNA-3-1-1024x513.jpg 1024w, https:\/\/www.findafinca4u.com\/wp-content\/uploads\/2018\/07\/MODERNA-3-1.jpg 1920w\" sizes=\"auto, (max-width: 300px) 100vw, 300px\" \/> <img loading=\"lazy\" decoding=\"async\" class=\"alignnone size-medium wp-image-19521\" src=\"https:\/\/www.findafinca4u.com\/wp-content\/uploads\/2018\/07\/MODERNA-3-2-300x200.jpg\" alt=\"\" width=\"300\" height=\"200\" srcset=\"https:\/\/www.findafinca4u.com\/wp-content\/uploads\/2018\/07\/MODERNA-3-2-300x200.jpg 300w, https:\/\/www.findafinca4u.com\/wp-content\/uploads\/2018\/07\/MODERNA-3-2-768x512.jpg 768w, https:\/\/www.findafinca4u.com\/wp-content\/uploads\/2018\/07\/MODERNA-3-2-1024x682.jpg 1024w, https:\/\/www.findafinca4u.com\/wp-content\/uploads\/2018\/07\/MODERNA-3-2-1200x800.jpg 1200w, https:\/\/www.findafinca4u.com\/wp-content\/uploads\/2018\/07\/MODERNA-3-2.jpg 1621w\" sizes=\"auto, (max-width: 300px) 100vw, 300px\" \/> <img loading=\"lazy\" decoding=\"async\" class=\"alignnone size-medium wp-image-19523\" src=\"https:\/\/www.findafinca4u.com\/wp-content\/uploads\/2018\/07\/MODERNA-3-4-1-300x188.jpg\" alt=\"\" width=\"300\" height=\"188\" srcset=\"https:\/\/www.findafinca4u.com\/wp-content\/uploads\/2018\/07\/MODERNA-3-4-1-300x188.jpg 300w, https:\/\/www.findafinca4u.com\/wp-content\/uploads\/2018\/07\/MODERNA-3-4-1-768x480.jpg 768w, https:\/\/www.findafinca4u.com\/wp-content\/uploads\/2018\/07\/MODERNA-3-4-1-1024x640.jpg 1024w, https:\/\/www.findafinca4u.com\/wp-content\/uploads\/2018\/07\/MODERNA-3-4-1.jpg 1727w\" sizes=\"auto, (max-width: 300px) 100vw, 300px\" \/> <img loading=\"lazy\" decoding=\"async\" class=\"alignnone size-medium wp-image-19522\" src=\"https:\/\/www.findafinca4u.com\/wp-content\/uploads\/2018\/07\/MODERNA-3-3-300x233.jpg\" alt=\"\" width=\"300\" height=\"233\" srcset=\"https:\/\/www.findafinca4u.com\/wp-content\/uploads\/2018\/07\/MODERNA-3-3-300x233.jpg 300w, https:\/\/www.findafinca4u.com\/wp-content\/uploads\/2018\/07\/MODERNA-3-3-768x598.jpg 768w, https:\/\/www.findafinca4u.com\/wp-content\/uploads\/2018\/07\/MODERNA-3-3-1024x797.jpg 1024w, https:\/\/www.findafinca4u.com\/wp-content\/uploads\/2018\/07\/MODERNA-3-3.jpg 1388w\" sizes=\"auto, (max-width: 300px) 100vw, 300px\" \/><\/p>\n<div id=\"gt-res-dir-ctr\" class=\"trans-verified-button-small\" dir=\"ltr\">\n<p><span title=\"Modern 6: \">Moderne 6:<\/span><\/p>\n<p><img loading=\"lazy\" decoding=\"async\" class=\"alignnone size-medium wp-image-19528\" src=\"https:\/\/www.findafinca4u.com\/wp-content\/uploads\/2018\/07\/MODERNA-5-3-300x211.jpg\" alt=\"\" width=\"300\" height=\"211\" srcset=\"https:\/\/www.findafinca4u.com\/wp-content\/uploads\/2018\/07\/MODERNA-5-3-300x211.jpg 300w, https:\/\/www.findafinca4u.com\/wp-content\/uploads\/2018\/07\/MODERNA-5-3-768x539.jpg 768w, https:\/\/www.findafinca4u.com\/wp-content\/uploads\/2018\/07\/MODERNA-5-3.jpg 1024w\" sizes=\"auto, (max-width: 300px) 100vw, 300px\" \/> <img loading=\"lazy\" decoding=\"async\" class=\"alignnone size-medium wp-image-19529\" src=\"https:\/\/www.findafinca4u.com\/wp-content\/uploads\/2018\/07\/MODERNA-5-5-261x300.jpg\" alt=\"\" width=\"261\" height=\"300\" srcset=\"https:\/\/www.findafinca4u.com\/wp-content\/uploads\/2018\/07\/MODERNA-5-5-261x300.jpg 261w, https:\/\/www.findafinca4u.com\/wp-content\/uploads\/2018\/07\/MODERNA-5-5.jpg 768w\" sizes=\"auto, (max-width: 261px) 100vw, 261px\" \/><\/p>\n<p>&nbsp;<\/p>\n<p><img loading=\"lazy\" decoding=\"async\" class=\"alignnone size-medium wp-image-19527\" src=\"https:\/\/www.findafinca4u.com\/wp-content\/uploads\/2018\/07\/MODERNA-5-2-1-300x180.jpg\" alt=\"\" width=\"300\" height=\"180\" srcset=\"https:\/\/www.findafinca4u.com\/wp-content\/uploads\/2018\/07\/MODERNA-5-2-1-300x180.jpg 300w, https:\/\/www.findafinca4u.com\/wp-content\/uploads\/2018\/07\/MODERNA-5-2-1-768x461.jpg 768w, https:\/\/www.findafinca4u.com\/wp-content\/uploads\/2018\/07\/MODERNA-5-2-1.jpg 1024w\" sizes=\"auto, (max-width: 300px) 100vw, 300px\" \/><\/p>\n<\/div>\n<\/div>\n<\/div>\n<\/div>\n<\/div>\n<\/div>\n<p><\/p>","protected":false},"excerpt":{"rendered":"<p>Nous offrons un service complet de nouvelle construction. De nouvelles maisons peuvent \u00eatre construites selon vos sp\u00e9cifications sur la base de nos mod\u00e8les rustiques ou modernes. Alternativement, vous pouvez nous donner un design enti\u00e8rement personnalis\u00e9. Des prix garantis peuvent \u00eatre donn\u00e9s une fois que vous avez d\u00e9cid\u00e9 d&rsquo;un terrain, d&rsquo;un design et d&rsquo;extras. Notre architecte [&hellip;]<\/p>\n","protected":false},"author":1,"featured_media":19527,"parent":0,"menu_order":0,"comment_status":"closed","ping_status":"closed","template":"","meta":{"footnotes":""},"class_list":["post-18409","page","type-page","status-publish","has-post-thumbnail","hentry"],"_links":{"self":[{"href":"https:\/\/www.findafinca4u.com\/fr\/wp-json\/wp\/v2\/pages\/18409","targetHints":{"allow":["GET"]}}],"collection":[{"href":"https:\/\/www.findafinca4u.com\/fr\/wp-json\/wp\/v2\/pages"}],"about":[{"href":"https:\/\/www.findafinca4u.com\/fr\/wp-json\/wp\/v2\/types\/page"}],"author":[{"embeddable":true,"href":"https:\/\/www.findafinca4u.com\/fr\/wp-json\/wp\/v2\/users\/1"}],"replies":[{"embeddable":true,"href":"https:\/\/www.findafinca4u.com\/fr\/wp-json\/wp\/v2\/comments?post=18409"}],"version-history":[{"count":27,"href":"https:\/\/www.findafinca4u.com\/fr\/wp-json\/wp\/v2\/pages\/18409\/revisions"}],"predecessor-version":[{"id":33321,"href":"https:\/\/www.findafinca4u.com\/fr\/wp-json\/wp\/v2\/pages\/18409\/revisions\/33321"}],"wp:featuredmedia":[{"embeddable":true,"href":"https:\/\/www.findafinca4u.com\/fr\/wp-json\/wp\/v2\/media\/19527"}],"wp:attachment":[{"href":"https:\/\/www.findafinca4u.com\/fr\/wp-json\/wp\/v2\/media?parent=18409"}],"curies":[{"name":"wp","href":"https:\/\/api.w.org\/{rel}","templated":true}]}}