{"id":24056,"date":"2019-09-18T13:49:21","date_gmt":"2019-09-18T12:49:21","guid":{"rendered":"https:\/\/www.findafinca4u.com\/en\/?page_id=24056"},"modified":"2019-09-19T12:43:00","modified_gmt":"2019-09-19T11:43:00","slug":"think-carefully-where-you-are-buying-food-for-thought","status":"publish","type":"page","link":"https:\/\/www.findafinca4u.com\/de\/the-area\/uberlegen-sie-genau-wo-sie-einkaufen-denkanstose-interesante-informacion\/","title":{"rendered":"\u00dcberlegen Sie genau, wo Sie einkaufen &#8230; Denkanst\u00f6\u00dfe Interesante informacion"},"content":{"rendered":"<p>WARUM SCHWIMMTE DER S\u00dcD VON ALICANTE SO VIEL?<\/p>\n<p><img loading=\"lazy\" decoding=\"async\" class=\"alignnone size-medium wp-image-24064\" src=\"https:\/\/www.findafinca4u.com\/wp-content\/uploads\/2019\/09\/Inundaciones-gota_fria-Vega_Baja-Segura-destrozos-militares-vecinos_ATLVID20190913_0024_7-300x225.jpg\" alt=\"\" width=\"300\" height=\"225\" srcset=\"https:\/\/www.findafinca4u.com\/wp-content\/uploads\/2019\/09\/Inundaciones-gota_fria-Vega_Baja-Segura-destrozos-militares-vecinos_ATLVID20190913_0024_7-300x225.jpg 300w, https:\/\/www.findafinca4u.com\/wp-content\/uploads\/2019\/09\/Inundaciones-gota_fria-Vega_Baja-Segura-destrozos-militares-vecinos_ATLVID20190913_0024_7.jpg 450w\" sizes=\"auto, (max-width: 300px) 100vw, 300px\" \/><\/p>\n<p>Die Region Vega Baja del Segura war vor dem Austrocknen und der Umwandlung in Nutzpflanzen im 18. Jahrhundert ein gro\u00dfes Marschland. Die Region war ein Hochwasserflugzeug und wenn es viel regnet, ist es wieder soweit. Urspr\u00fcnglich war es ein Binnenmeer, von dem es in der R\u00f6merzeit noch einen kleinen Teil gab.<\/p>\n<p>Im Laufe der Jahrhunderte f\u00fcllte sich dieses kleine Meer mit den Sedimenten der Fl\u00fcsse Segura und Vinalop\u00f3 und wurde zu Salzwiesen und Lagunen (ehemals Albufera de Elche). Im achtzehnten Jahrhundert wurden gro\u00dffl\u00e4chige Arbeiten zur Trocknung und Entsalzung von Land durchgef\u00fchrt, auf diese Weise wurden die S\u00fcmpfe in Feldfr\u00fcchte (Obstg\u00e4rten) umgewandelt und einige neue Populationen gegr\u00fcndet. Im Satellitenbild (im Anhang) k\u00f6nnen Sie die urspr\u00fcngliche Dimension dieser Ebene erkennen. Das gesamte gr\u00fcne Gebiet ist bepflanzt (Obstgarten) und der See von El Hondo und die Salinas de Santa Pola sind immer noch \u00fcberflutet. Vielleicht waren auch die Salinas de Torrevieja verwandt.<\/p>\n<p>Abgesehen von einigen Erhebungen ist es eine sehr flache Fl\u00e4che. Der Fluss Segura ist kaum abfallend und schl\u00e4ngelt sich kontinuierlich. Bei starkem Regen flie\u00dft der Fluss \u00fcber und das Wasser stagniert, so dass S\u00fcmpfe entstehen. Die S\u00fcmpfe waren endemische Gebiete von Malaria &#8211; einer fieberhaften Krankheit, die durch ein Protozoon verursacht und durch M\u00fcckenstiche auf den Menschen \u00fcbertragen wurde &#8211; und es scheint, dass die Bev\u00f6lkerung des Vega Baja eine gr\u00f6\u00dfere genetische Resistenz gegen diese Krankheit aufweist.<\/p>\n<p>Derzeit ist Vega Baja del Segura trotz der Bezeichnung &#8222;der Garten&#8220; eine sehr dicht besiedelte Region mit 270.000 Einwohnern und 289 Einwohnern \/ km2. Eine so gro\u00dfe Flut in einem so urbanisierten Gebiet ist eine gro\u00dfe Katastrophe.<\/p>\n<p>&nbsp;<\/p>\n<p><img loading=\"lazy\" decoding=\"async\" class=\"alignnone size-medium wp-image-24058\" src=\"https:\/\/www.findafinca4u.com\/wp-content\/uploads\/2019\/09\/20190918_144228-300x238.png\" alt=\"\" width=\"300\" height=\"238\" srcset=\"https:\/\/www.findafinca4u.com\/wp-content\/uploads\/2019\/09\/20190918_144228-300x238.png 300w, https:\/\/www.findafinca4u.com\/wp-content\/uploads\/2019\/09\/20190918_144228-768x609.png 768w, https:\/\/www.findafinca4u.com\/wp-content\/uploads\/2019\/09\/20190918_144228-1024x811.png 1024w, https:\/\/www.findafinca4u.com\/wp-content\/uploads\/2019\/09\/20190918_144228.png 1339w\" sizes=\"auto, (max-width: 300px) 100vw, 300px\" \/><\/p>\n<p><img loading=\"lazy\" decoding=\"async\" class=\"alignnone size-medium wp-image-24059\" src=\"https:\/\/www.findafinca4u.com\/wp-content\/uploads\/2019\/09\/thumbnail_20190918_144118-300x186.png\" alt=\"\" width=\"300\" height=\"186\" srcset=\"https:\/\/www.findafinca4u.com\/wp-content\/uploads\/2019\/09\/thumbnail_20190918_144118-300x186.png 300w, https:\/\/www.findafinca4u.com\/wp-content\/uploads\/2019\/09\/thumbnail_20190918_144118-768x476.png 768w, https:\/\/www.findafinca4u.com\/wp-content\/uploads\/2019\/09\/thumbnail_20190918_144118-1024x634.png 1024w, https:\/\/www.findafinca4u.com\/wp-content\/uploads\/2019\/09\/thumbnail_20190918_144118.png 1200w\" sizes=\"auto, (max-width: 300px) 100vw, 300px\" \/><\/p>\n<p>Viele Grundst\u00fccke wurden ohne entsprechende Baugenehmigung im Umland der Stadt gebaut. Rath\u00e4user w\u00fcrden einfach keine Baugenehmigung f\u00fcr die flache Landschaft erteilen, da die Gefahr von \u00dcberschwemmungen hoch ist.<\/p>\n<p>Doch w\u00e4hrend des Booms Promotoren und Konstrukteure mit der Hilfe in einigen F\u00e4llen von korrupten Beamten, unabh\u00e4ngig von Berechtigungen gebaut. Es wurde oft gesagt, dass die Geldstrafe f\u00fcr illegales Bauen nicht h\u00f6her sei als die Zahlung f\u00fcr Pl\u00e4ne und Baugenehmigungen.<\/p>\n<p>Viele Ausl\u00e4nder kauften solche Immobilien, ohne zu bemerken, dass sie illegal waren.<\/p>\n<p>Dann geschahen zwei Dinge: Die valencianische Regierung wollte die Grundst\u00fccke in dieser unsicheren Gegend niederrei\u00dfen. Aber Aktivisten f\u00fcr B\u00fcrgerrechte haben es geschafft, die Regierung davon zu \u00fcberzeugen, dass es nicht fair war, Menschen ihre H\u00e4user zu entziehen, als sie dazu verleitet wurden, sie zu kaufen. Also haben sie beschlossen, sie in Ruhe zu lassen, und jetzt k\u00f6nnen Sie Aufenthaltsgenehmigungen erhalten. In der Lizenz wird nicht ber\u00fccksichtigt, ob die Immobilie von \u00dcberschwemmungen bedroht ist, sondern es wird lediglich angegeben, dass die Immobilie \u00fcber alles verf\u00fcgt, was zum Leben notwendig ist (Wasser, Elektrizit\u00e4t, sanit\u00e4re Anlagen).<\/p>\n<p>Zweitens untersuchte die Regierung die allgemeine Situation in ganz Spanien, nicht nur in diesem Bereich. Als sie sahen, dass Hunderttausende, wenn nicht Millionen spanischer Eigent\u00fcmer ohne Erlaubnis gebaut worden waren, wollten sie eine L\u00f6sung. Wenn man bedenkt, dass keine Regierung, die Stimmen haben will, um an der Macht zu bleiben, \u00fcber die Zerst\u00f6rung von Eigentumsmassen nachdenken kann, hat sie eine radikale L\u00f6sung gefunden.<\/p>\n<p>Es war eine Art Amnestie. Wenn Sie nachweisen k\u00f6nnen, dass Sie Ihre Immobilie seit 4 Jahren besitzen und obwohl Sie keine Erlaubnis hatten, k\u00f6nnen Sie diese im Grundbuch eintragen, was die Hauptvoraussetzung f\u00fcr den Verkauf eines Hauses ist.<\/p>\n<p>Dies \u00f6ffnete vielen Hausbesitzern die T\u00fcr, ihre illegalen Immobilien erfolgreich zu registrieren. Auch wenn sie in hochwassergef\u00e4hrdeten Gebieten gebaut wurden. Sogar in Gebieten, die als zu gef\u00e4hrlich angesehen wurden, um gebaut zu werden. Diese k\u00f6nnten dann &#8222;legal&#8220; an ahnungslose K\u00e4ufer weiterverkauft werden.<\/p>\n<p>&nbsp;<\/p>\n<p><img loading=\"lazy\" decoding=\"async\" class=\"alignnone size-medium wp-image-24062\" src=\"https:\/\/www.findafinca4u.com\/wp-content\/uploads\/2019\/09\/63204313_spain2180674-300x169.jpg\" alt=\"\" width=\"300\" height=\"169\" srcset=\"https:\/\/www.findafinca4u.com\/wp-content\/uploads\/2019\/09\/63204313_spain2180674-300x169.jpg 300w, https:\/\/www.findafinca4u.com\/wp-content\/uploads\/2019\/09\/63204313_spain2180674-768x432.jpg 768w, https:\/\/www.findafinca4u.com\/wp-content\/uploads\/2019\/09\/63204313_spain2180674.jpg 976w\" sizes=\"auto, (max-width: 300px) 100vw, 300px\" \/><\/p>\n<p>Die Leute haben kurze Erinnerungen. Erst wenn eine Katastrophe wie im September 2019 eintritt und mehr als 50.000 Menschen ohne Wohnung sind, denken die Menschen dar\u00fcber nach, warum dies geschehen ist.<\/p>\n<p>Liegt es daran, dass wir einen Freak Storm hatten? Es ist nicht die Antwort. Spanien bekommt oft extrem schwere Monsunst\u00fcrme. Das Problem ist, dass H\u00e4user legal dort existieren, wo sie niemals h\u00e4tten gebaut werden d\u00fcrfen und Wasser nat\u00fcrliche Abfl\u00fcsse ben\u00f6tigt.<\/p>\n<p>Wenn Sie also nach einer Immobilie suchen, sind Sie sicher, dass Sie in der Region Vega Baja viele Immobilien zu attraktiven Preisen finden. Orte wie Amoradi, Rojales, Gaurdamar, Catral, Orihuela, Santa Pola, dann \u00fcberlegen Sie zweimal, bevor Sie Ihre Ersparnisse in eine Immobilie investieren.<\/p>\n<p><img loading=\"lazy\" decoding=\"async\" class=\"alignnone size-medium wp-image-24065\" src=\"https:\/\/www.findafinca4u.com\/wp-content\/uploads\/2019\/09\/Spain-floods-300x200.jpg\" alt=\"\" width=\"300\" height=\"200\" srcset=\"https:\/\/www.findafinca4u.com\/wp-content\/uploads\/2019\/09\/Spain-floods-300x200.jpg 300w, https:\/\/www.findafinca4u.com\/wp-content\/uploads\/2019\/09\/Spain-floods.jpg 615w\" sizes=\"auto, (max-width: 300px) 100vw, 300px\" \/><\/p>\n<p>Erkundigen Sie sich bei Ihrem Anwalt, ob dieses Gebiet als \u00fcberschwemmungsgef\u00e4hrdet eingestuft ist. Die Rath\u00e4user haben Karten, die sie bei der Erteilung von Baugenehmigungen verwenden.<\/p>\n<p>Die meisten Menschen sind versichert, aber Sie m\u00fcssen sich fragen, wie sehr die Versicherungsunternehmen daran interessiert sind, neue Versicherungen anzubieten oder auf Immobilien zu zahlen, die eigentlich gar nicht gebaut worden sein sollten.<\/p>","protected":false},"excerpt":{"rendered":"<p>WARUM SCHWIMMTE DER S\u00dcD VON ALICANTE SO VIEL? Die Region Vega Baja del Segura war vor dem Austrocknen und der Umwandlung in Nutzpflanzen im 18. Jahrhundert ein gro\u00dfes Marschland. Die Region war ein Hochwasserflugzeug und wenn es viel regnet, ist es wieder soweit. Urspr\u00fcnglich war es ein Binnenmeer, von dem es in der R\u00f6merzeit noch [&hellip;]<\/p>\n","protected":false},"author":2,"featured_media":0,"parent":18417,"menu_order":1,"comment_status":"closed","ping_status":"closed","template":"template-the-area.php","meta":{"footnotes":""},"class_list":["post-24056","page","type-page","status-publish","hentry"],"_links":{"self":[{"href":"https:\/\/www.findafinca4u.com\/de\/wp-json\/wp\/v2\/pages\/24056","targetHints":{"allow":["GET"]}}],"collection":[{"href":"https:\/\/www.findafinca4u.com\/de\/wp-json\/wp\/v2\/pages"}],"about":[{"href":"https:\/\/www.findafinca4u.com\/de\/wp-json\/wp\/v2\/types\/page"}],"author":[{"embeddable":true,"href":"https:\/\/www.findafinca4u.com\/de\/wp-json\/wp\/v2\/users\/2"}],"replies":[{"embeddable":true,"href":"https:\/\/www.findafinca4u.com\/de\/wp-json\/wp\/v2\/comments?post=24056"}],"version-history":[{"count":10,"href":"https:\/\/www.findafinca4u.com\/de\/wp-json\/wp\/v2\/pages\/24056\/revisions"}],"predecessor-version":[{"id":24098,"href":"https:\/\/www.findafinca4u.com\/de\/wp-json\/wp\/v2\/pages\/24056\/revisions\/24098"}],"up":[{"embeddable":true,"href":"https:\/\/www.findafinca4u.com\/de\/wp-json\/wp\/v2\/pages\/18417"}],"wp:attachment":[{"href":"https:\/\/www.findafinca4u.com\/de\/wp-json\/wp\/v2\/media?parent=24056"}],"curies":[{"name":"wp","href":"https:\/\/api.w.org\/{rel}","templated":true}]}}