{"id":18417,"date":"2018-06-17T11:57:47","date_gmt":"2018-06-17T10:57:47","guid":{"rendered":"https:\/\/www.findafinca4u.com\/en\/?page_id=18417"},"modified":"2018-07-10T10:34:40","modified_gmt":"2018-07-10T09:34:40","slug":"the-area","status":"publish","type":"page","link":"https:\/\/www.findafinca4u.com\/de\/the-area\/","title":{"rendered":"The Area"},"content":{"rendered":"<p>Wir spezialisieren uns haupts\u00e4chlich auf die sch\u00f6nen St\u00e4dte Sax, Elda, Petrel und Villena. Das Gebiet wird als Vinalopo Alta bezeichnet, was sich auf den Fluss bezieht, der durch das Tal flie\u00dft. Das Gebiet wird von der Autobahn, die Alicante und Madrid verbindet, bedient. Das Vinalopo Valley bietet einen spektakul\u00e4ren Blick auf die Berge und ist nur 30 Autominuten von den wei\u00dfen Str\u00e4nden von Alicante und dem internationalen Flughafen entfernt.<\/p>\n<p>\u00d6PNV-Verbindungen sind oft sehr wichtig f\u00fcr die Kaufkriterien der Kunden, und in der Gegend haben wir alles. Regelm\u00e4\u00dfige Busverbindungen, konventionelle Bahnh\u00f6fe zwischen Alicante und Madrid. Es gibt auch einen nahe gelegenen Bahnhof f\u00fcr die Hochgeschwindigkeitsbahn, die Europa verbinden wird und bereits viele gro\u00dfe St\u00e4dte verbindet. Der Flughafen von Alicante bietet eine Vielzahl von Zielen, und einige der g\u00fcnstigsten Flugpreise in Europa werden von allen gro\u00dfen Budget-Betreibern erreicht. Viele Kunden zahlen so wenig wie 300 Euro pro Jahr, um ein Fahrzeug neben den Flugh\u00e4fen zu lagern, so dass sie bei einem Besuch direkt zu ihrer zweiten Immobilie fahren k\u00f6nnen.<\/p>","protected":false},"excerpt":{"rendered":"<p>Wir spezialisieren uns haupts\u00e4chlich auf die sch\u00f6nen St\u00e4dte Sax, Elda, Petrel und Villena. Das Gebiet wird als Vinalopo Alta bezeichnet, was sich auf den Fluss bezieht, der durch das Tal flie\u00dft. Das Gebiet wird von der Autobahn, die Alicante und Madrid verbindet, bedient. Das Vinalopo Valley bietet einen spektakul\u00e4ren Blick auf die Berge und ist [&hellip;]<\/p>\n","protected":false},"author":1,"featured_media":0,"parent":0,"menu_order":0,"comment_status":"closed","ping_status":"closed","template":"template-the-area.php","meta":{"footnotes":""},"class_list":["post-18417","page","type-page","status-publish","hentry"],"_links":{"self":[{"href":"https:\/\/www.findafinca4u.com\/de\/wp-json\/wp\/v2\/pages\/18417","targetHints":{"allow":["GET"]}}],"collection":[{"href":"https:\/\/www.findafinca4u.com\/de\/wp-json\/wp\/v2\/pages"}],"about":[{"href":"https:\/\/www.findafinca4u.com\/de\/wp-json\/wp\/v2\/types\/page"}],"author":[{"embeddable":true,"href":"https:\/\/www.findafinca4u.com\/de\/wp-json\/wp\/v2\/users\/1"}],"replies":[{"embeddable":true,"href":"https:\/\/www.findafinca4u.com\/de\/wp-json\/wp\/v2\/comments?post=18417"}],"version-history":[{"count":18,"href":"https:\/\/www.findafinca4u.com\/de\/wp-json\/wp\/v2\/pages\/18417\/revisions"}],"predecessor-version":[{"id":18793,"href":"https:\/\/www.findafinca4u.com\/de\/wp-json\/wp\/v2\/pages\/18417\/revisions\/18793"}],"wp:attachment":[{"href":"https:\/\/www.findafinca4u.com\/de\/wp-json\/wp\/v2\/media?parent=18417"}],"curies":[{"name":"wp","href":"https:\/\/api.w.org\/{rel}","templated":true}]}}