{"id":18411,"date":"2018-06-17T11:56:37","date_gmt":"2018-06-17T10:56:37","guid":{"rendered":"https:\/\/www.findafinca4u.com\/en\/?page_id=18411"},"modified":"2018-07-11T10:01:39","modified_gmt":"2018-07-11T09:01:39","slug":"about-us","status":"publish","type":"page","link":"https:\/\/www.findafinca4u.com\/de\/about-us\/","title":{"rendered":"\u00dcber uns"},"content":{"rendered":"<p>Nachdem wir viele Jahre im l\u00e4ndlichen Spanien gelebt und gearbeitet haben, haben wir viel Erfahrung in der Suche nach spanischem Landbesitz. Die Mehrheit unserer Immobilien befindet sich in 30 Minuten Entfernung vom Flughafen Alicante in einer malerischen Gegend mit guten Verbindungen zu den wei\u00dfen Str\u00e4nden von Alicante. Ein Gebiet mit einem fantastischen Klima und einer reichen, unber\u00fchrten Kultur. Ein perfekter Ort f\u00fcr Menschen, die nach einem Ferienhaus oder einer Pension suchen, die eine andere, weniger stressige Lebensweise bietet.<\/p>\n<p>Wir verkaufen seit 2004 Immobilien und sind stolz darauf, den Kaufprozess unkompliziert und sicher zu machen. Wir bieten auch einen kompletten After-Sales-Service. Wir sind immer noch gl\u00fccklich, sogar unseren ersten Kunden mit irgendeinem Aspekt des Lebens in Spanien zu helfen.<\/p>\n<p>Eigenschaften reichen von Wohnungen und Stadth\u00e4usern zu den popul\u00e4reren Landh\u00e4usern, die den Einheimischen als Fincas bekannt sind. Wir haben auch viele Grundst\u00fccke und k\u00f6nnen Menschen helfen, ihr Traumhaus von Grund auf zu bauen.<\/p>\n<p>Weitere Informationen finden Sie in unserer neuen Build-Auswahl.<\/p>\n<p>Unsere typischsten Immobilienverk\u00e4ufe sind Landh\u00e4user, die im Allgemeinen mit einem gro\u00dfen St\u00fcck Land, normalerweise geteilt zwischen einem Garten, Terrassen, privatem Pool und nicht selten einem Obstgarten, kommen.<\/p>\n<p>Mandeln, Oliven und Weintrauben sind hier die Hauptanbaugebiete, und es ist normal, dass diese B\u00e4ume viele Eigenschaften haben. Sie k\u00f6nnen der \u00f6rtlichen Kooperative beitreten und Ihre eigenen B\u00e4ume ernten, oder lassen Sie einen lokalen Bauern die Wartung im Gegenzug f\u00fcr die Ernte \u00fcbernehmen.<\/p>\n<p>In einer Gegend mit mehreren prominenten Bergen sind die Aussichten oft spektakul\u00e4r. Die vielen Olivenb\u00e4ume, die das ganze Jahr \u00fcber Gr\u00fcn bieten, stehen im Kontrast zu den rosa und wei\u00dfen Bl\u00fcten der Mandelhaine und der F\u00fclle an Weinbergen bieten eine wunderbare Umgebung zum Leben.<\/p>\n<p>Unsere \u00fcblichen Kunden sind Menschen, die wirklich den Traum leben wollen, in diesem erstaunlichen Klima zu leben und gleichzeitig die wunderbare Kultur zu erleben, die sich in die lokalen Gemeinschaften integriert. Die St\u00e4dte sind keine typischen Touristenorte und behalten ihre Stimmung das ganze Jahr \u00fcber. Sie werden nicht im Winter verlassen und klaustrophobisch im Sommer.<\/p>\n<p>Kaufen Sie in diesem Bereich bietet immer noch ein fantastisches Preis-Leistungs-Verh\u00e4ltnis und noch wichtiger bietet Ihnen eine Lebensweise, die ihresgleichen sucht.<\/p>","protected":false},"excerpt":{"rendered":"<p>Nachdem wir viele Jahre im l\u00e4ndlichen Spanien gelebt und gearbeitet haben, haben wir viel Erfahrung in der Suche nach spanischem Landbesitz. Die Mehrheit unserer Immobilien befindet sich in 30 Minuten Entfernung vom Flughafen Alicante in einer malerischen Gegend mit guten Verbindungen zu den wei\u00dfen Str\u00e4nden von Alicante. Ein Gebiet mit einem fantastischen Klima und einer [&hellip;]<\/p>\n","protected":false},"author":1,"featured_media":0,"parent":0,"menu_order":0,"comment_status":"closed","ping_status":"closed","template":"template-about-us.php","meta":{"footnotes":""},"class_list":["post-18411","page","type-page","status-publish","hentry"],"_links":{"self":[{"href":"https:\/\/www.findafinca4u.com\/de\/wp-json\/wp\/v2\/pages\/18411","targetHints":{"allow":["GET"]}}],"collection":[{"href":"https:\/\/www.findafinca4u.com\/de\/wp-json\/wp\/v2\/pages"}],"about":[{"href":"https:\/\/www.findafinca4u.com\/de\/wp-json\/wp\/v2\/types\/page"}],"author":[{"embeddable":true,"href":"https:\/\/www.findafinca4u.com\/de\/wp-json\/wp\/v2\/users\/1"}],"replies":[{"embeddable":true,"href":"https:\/\/www.findafinca4u.com\/de\/wp-json\/wp\/v2\/comments?post=18411"}],"version-history":[{"count":24,"href":"https:\/\/www.findafinca4u.com\/de\/wp-json\/wp\/v2\/pages\/18411\/revisions"}],"predecessor-version":[{"id":18902,"href":"https:\/\/www.findafinca4u.com\/de\/wp-json\/wp\/v2\/pages\/18411\/revisions\/18902"}],"wp:attachment":[{"href":"https:\/\/www.findafinca4u.com\/de\/wp-json\/wp\/v2\/media?parent=18411"}],"curies":[{"name":"wp","href":"https:\/\/api.w.org\/{rel}","templated":true}]}}