{"id":18409,"date":"2018-06-17T11:56:12","date_gmt":"2018-06-17T10:56:12","guid":{"rendered":"https:\/\/www.findafinca4u.com\/en\/?page_id=18409"},"modified":"2022-05-11T12:39:37","modified_gmt":"2022-05-11T11:39:37","slug":"links","status":"publish","type":"page","link":"https:\/\/www.findafinca4u.com\/de\/neu-gebaute-villen\/","title":{"rendered":"Neu gebaute Villen"},"content":{"rendered":"<p><img loading=\"lazy\" decoding=\"async\" class=\"alignnone size-medium wp-image-19499\" src=\"https:\/\/www.findafinca4u.com\/wp-content\/uploads\/2018\/07\/LYC-ZOCALO-NEGRO-TRAD-1-300x225.jpg\" alt=\"\" width=\"300\" height=\"225\" srcset=\"https:\/\/www.findafinca4u.com\/wp-content\/uploads\/2018\/07\/LYC-ZOCALO-NEGRO-TRAD-1-300x225.jpg 300w, https:\/\/www.findafinca4u.com\/wp-content\/uploads\/2018\/07\/LYC-ZOCALO-NEGRO-TRAD-1-768x576.jpg 768w, https:\/\/www.findafinca4u.com\/wp-content\/uploads\/2018\/07\/LYC-ZOCALO-NEGRO-TRAD-1.jpg 1024w\" sizes=\"auto, (max-width: 300px) 100vw, 300px\" \/><\/p>\n<p>Wir bieten einen kompletten Neubauservice an. Neue H\u00e4user k\u00f6nnen nach Ihren Vorgaben gebaut werden, basierend auf unseren rustikalen oder modernen Modellen. Alternativ k\u00f6nnen Sie uns ein ganz eigenes Design geben. Garantierte Preise k\u00f6nnen angegeben werden, sobald Sie sich f\u00fcr ein Grundst\u00fcck, ein Design und Extras entschieden haben. Unser Architekt und versierter Bauunternehmer wird Ihnen beim Bau Ihres neuen Hauses in Spanien die Kopfschmerzen nehmen. Stufenzahlungen und das Grundst\u00fcck in Ihrem Namen bieten w\u00e4hrend des gesamten Prozesses vollst\u00e4ndige Sicherheit. Was auch immer Sie tr\u00e4umen k\u00f6nnen, wir k\u00f6nnen es in die Realit\u00e4t umsetzen. Wir haben eine gro\u00dfe Auswahl an Baugrundst\u00fccken von 1 Hektar und mehr auf dem Land. Wir k\u00f6nnen Ihnen fertige Builds zeigen und Sie zufriedenen Kunden vorstellen.<\/p>\n<p><img loading=\"lazy\" decoding=\"async\" class=\"alignnone size-medium wp-image-19500\" src=\"https:\/\/www.findafinca4u.com\/wp-content\/uploads\/2018\/07\/LYC-ZOCALO-NEGRO-TRAD-II-1-300x225.jpg\" alt=\"\" width=\"300\" height=\"225\" srcset=\"https:\/\/www.findafinca4u.com\/wp-content\/uploads\/2018\/07\/LYC-ZOCALO-NEGRO-TRAD-II-1-300x225.jpg 300w, https:\/\/www.findafinca4u.com\/wp-content\/uploads\/2018\/07\/LYC-ZOCALO-NEGRO-TRAD-II-1-768x576.jpg 768w, https:\/\/www.findafinca4u.com\/wp-content\/uploads\/2018\/07\/LYC-ZOCALO-NEGRO-TRAD-II-1.jpg 1024w\" sizes=\"auto, (max-width: 300px) 100vw, 300px\" \/><\/p>\n<p>Spektakul\u00e4re Villa, die bereit ist, in der Landschaft von Pinoso gebaut zu werden.<br \/>\nSchl\u00fcssel fertig in ca. 7 Monaten nach Vertragsunterzeichnung. Von einem seri\u00f6sen erfolgreichen Bauunternehmer mit einer nachgewiesenen Erfolgsbilanz zu bauen. Auswahl an Grundst\u00fccken mit Wasser und Strom.<\/p>\n<p>&nbsp;<\/p>\n<p><img loading=\"lazy\" decoding=\"async\" class=\"alignnone size-medium wp-image-19498\" src=\"https:\/\/www.findafinca4u.com\/wp-content\/uploads\/2018\/07\/LYC-ZOCALO-NEGRO-TRAD-11-300x225.jpg\" alt=\"\" width=\"300\" height=\"225\" srcset=\"https:\/\/www.findafinca4u.com\/wp-content\/uploads\/2018\/07\/LYC-ZOCALO-NEGRO-TRAD-11-300x225.jpg 300w, https:\/\/www.findafinca4u.com\/wp-content\/uploads\/2018\/07\/LYC-ZOCALO-NEGRO-TRAD-11-768x576.jpg 768w, https:\/\/www.findafinca4u.com\/wp-content\/uploads\/2018\/07\/LYC-ZOCALO-NEGRO-TRAD-11.jpg 1024w\" sizes=\"auto, (max-width: 300px) 100vw, 300px\" \/><\/p>\n<p>Dieses Modell wurde bereits f\u00fcr andere Kunden entwickelt und ist sichtbar.<br \/>\nDas sch\u00f6ne Design bezieht sich auf ein 150 m\u00b2 gro\u00dfes Haus, das auf zwei Etagen verteilt ist und drei Schlafzimmer im Obergeschoss und eines im Erdgeschoss hat.<\/p>\n<p>Der Bauherr setzt sich mit Ihnen zusammen und nimmt alle gew\u00fcnschten pers\u00f6nlichen \u00c4nderungen vor, von der Anzahl der R\u00e4ume \u00fcber die Farbe bis hin zu den Materialien.<br \/>\nAuswahl an Einbauk\u00fcche, Fliesen und Gesamtoberfl\u00e4che.<\/p>\n<p><img loading=\"lazy\" decoding=\"async\" class=\"alignnone size-medium wp-image-19497\" src=\"https:\/\/www.findafinca4u.com\/wp-content\/uploads\/2018\/07\/LYC-ZOCALO-NEGRO-TRAD-10-300x225.jpg\" alt=\"\" width=\"300\" height=\"225\" srcset=\"https:\/\/www.findafinca4u.com\/wp-content\/uploads\/2018\/07\/LYC-ZOCALO-NEGRO-TRAD-10-300x225.jpg 300w, https:\/\/www.findafinca4u.com\/wp-content\/uploads\/2018\/07\/LYC-ZOCALO-NEGRO-TRAD-10-768x576.jpg 768w, https:\/\/www.findafinca4u.com\/wp-content\/uploads\/2018\/07\/LYC-ZOCALO-NEGRO-TRAD-10.jpg 1024w\" sizes=\"auto, (max-width: 300px) 100vw, 300px\" \/><br \/>\nIm Erdgeschoss: gro\u00dfe Eingangshalle, Wohn-Esszimmer mit Kamin, Einbauk\u00fcche (au\u00dfer Elektroger\u00e4te), Hauswirtschaftsraum, Schlafzimmer mit Einbauschrank und Bad. Gro\u00dfe Veranda mit Zugang vom Wohnzimmer \u00fcber Terrassent\u00fcren.<\/p>\n<p>Im zweiten Stock: Hauptschlafzimmer mit eigenem Bad, ger\u00e4umigem Kleiderschrank, 2 weitere Schlafzimmer teilen sich ein zweites Badezimmer und Platz f\u00fcr ein Arbeitszimmer. Alle Schlafzimmer haben Zugang zu einem Balkon.<\/p>\n<p>3000 m2 des 10000 m2 gro\u00dfen Grundst\u00fccks werden eingez\u00e4unt und \u00fcber schmiedeeiserne Tore zug\u00e4nglich gemacht, die f\u00fcr die Fernsteuerung vorbereitet sind.<\/p>\n<p>Wir k\u00f6nnen Ihr Traumhaus so bauen, dass es in 6 Monaten schl\u00fcsselfertig ist.<\/p>\n<p>&nbsp;<\/p>\n<p>Verf\u00fcgbare Optionen<\/p>\n<p>Option 150 MT2<\/p>\n<p>Preis ab: 219.500 Euro<\/p>\n<p>Pool 8&#215;4 zus\u00e4tzlich: 10.000 Euro<\/p>\n<p>Option 180 MT2<\/p>\n<p>Preis ab 249.500 Euro<\/p>\n<p>Pool 8&#215;4 zus\u00e4tzlich: 10.000 Euro<\/p>\n<p>Dies sind keine festen Optionen, mit denen wir mit Ihnen, Ihren Ideen und Ihrem Budget zusammenarbeiten k\u00f6nnen, um das zu erhalten, was Sie m\u00f6chten. Die Beispiele zeigen jedoch, was verf\u00fcgbar ist.<\/p>\n<p>Die 180 m lange Versi\u00f3n bietet Platz f\u00fcr gr\u00f6\u00dfere Schlafzimmer, ein Ankleidezimmer und ein eigenes Bad f\u00fcr das Hauptschlafzimmer sowie ein Gemeinschaftsbad im Obergeschoss.<\/p>\n<p>Die K\u00fcche im Erdgeschoss kann separat oder offen gestaltet sein und \u00fcber ein Esszimmer, einen separaten Hauswirtschaftsraum, einen Flur, ein Schlafzimmer und eine Lounge verf\u00fcgen.<\/p>\n<p>Sie k\u00f6nnen dann andere Extras angeben. Typische Extras sind:<\/p>\n<p>&nbsp;<\/p>\n<p>Garage<\/p>\n<p>Grillplatz<\/p>\n<p>gr\u00f6\u00dferer Pool<\/p>\n<p>All dies kann nach Ihren W\u00fcnschen gestaltet und in der angegebenen Gr\u00f6\u00dfe je nach Budget und Grundst\u00fccksgr\u00f6\u00dfe gebaut werden.<br \/>\nDie Immobilien werden mit allen Zertifikaten geliefert, einschlie\u00dflich der Lizenz f\u00fcr die Erstbesch\u00e4ftigung, elektrisch und mit Wasser verbunden.<br \/>\nBauzeit ca. 7 Monate, Zahlungspl\u00e4ne sehr g\u00fcnstig.<\/p>\n<p># Der Preis beinhaltet ein Grundgrundst\u00fcck, es stehen jedoch viele zur Auswahl. Die Grundst\u00fcckspreise variieren je nach Standort und Gr\u00f6\u00dfe. Daher geben wir einen garantierten Gesamtpreis basierend auf den einzelnen Grundst\u00fccken. Dadurch werden alle Sorgen beseitigt, dass Ihr Projekt \u00fcber das Budget hinausl\u00e4uft.<\/p>\n<p>Wir haben zufriedene Kunden, die Ihnen gerne ihre fertigen H\u00e4user zeigen, bevor Sie dem Kauf zustimmen, und Ihnen auch ihre Kauferfahrung mitteilen.<\/p>\n<p>Wir haben auch eine Reihe von modernen Designs &#8230;.<\/p>\n<p>&nbsp;<\/p>\n<p><img loading=\"lazy\" decoding=\"async\" class=\"alignnone size-medium wp-image-19517\" src=\"https:\/\/www.findafinca4u.com\/wp-content\/uploads\/2018\/07\/MODERNA-2-1-300x133.jpg\" alt=\"\" width=\"300\" height=\"133\" srcset=\"https:\/\/www.findafinca4u.com\/wp-content\/uploads\/2018\/07\/MODERNA-2-1-300x133.jpg 300w, https:\/\/www.findafinca4u.com\/wp-content\/uploads\/2018\/07\/MODERNA-2-1-768x341.jpg 768w, https:\/\/www.findafinca4u.com\/wp-content\/uploads\/2018\/07\/MODERNA-2-1-1024x454.jpg 1024w, https:\/\/www.findafinca4u.com\/wp-content\/uploads\/2018\/07\/MODERNA-2-1.jpg 1920w\" sizes=\"auto, (max-width: 300px) 100vw, 300px\" \/><\/p>\n<p>Luxuri\u00f6ser Villenschl\u00fcssel in modernem Design in sieben Monaten fertig. Ruhige l\u00e4ndliche Lage 10 Autominuten von der gesch\u00e4ftigen Stadt Pinoso entfernt.<\/p>\n<p>Die Liegenschaft befindet sich auf einem 10.000 m2 gro\u00dfen Grundst\u00fcck mit Wasseranschluss, Internet m\u00f6glich.<\/p>\n<p>Die unmittelbaren 3500m2 rund um das Haus werden eingez\u00e4unt.<\/p>\n<p>Schmiedeeisen-Schiebetor f\u00fcr einen Motor vorbereitet<\/p>\n<p>Fragen Sie uns nach Preisen und Optionen<\/p>\n<p>Unten. Eingangshalle, Wohn- und Esszimmer. Einbauk\u00fcche<\/p>\n<p>1 Badezimmer und Veranda.<\/p>\n<p>nach oben.<\/p>\n<p>1 Schlafzimmer mit Bad.<\/p>\n<p>2 weitere Schlafzimmer mit Gemeinschaftsbad.<\/p>\n<p>Alle Schlafzimmer haben Zugang zur Terrasse.<\/p>\n<p>Atemberaubende moderne Immobilie, die von einem professionellen Bauunternehmer gebaut werden soll.<\/p>\n<p>Modern 1:<\/p>\n<p>145 m2. Startpreis 229150 ohne Pool<\/p>\n<p>&nbsp;<\/p>\n<p>mehr Fotos&#8230;\u2026.<\/p>\n<p>https:\/\/1drv.ms\/f\/s!AkGJF9jHzdjlg7dxmIt3xHEQcoXkLg<\/p>\n<p>&nbsp;<\/p>\n<p>&nbsp;<\/p>\n<p>&nbsp;<\/p>\n<p>&nbsp;<\/p>\n<p>&nbsp;<\/p>\n<p>&nbsp;<\/p>\n<p>&nbsp;<\/p>\n<p><img loading=\"lazy\" decoding=\"async\" class=\"size-medium wp-image-19494\" src=\"https:\/\/www.findafinca4u.com\/wp-content\/uploads\/2018\/07\/LYC-ZOCALO-CREMA-TRAD-IV-3-300x199.jpg\" alt=\"\" width=\"300\" height=\"199\" srcset=\"https:\/\/www.findafinca4u.com\/wp-content\/uploads\/2018\/07\/LYC-ZOCALO-CREMA-TRAD-IV-3-300x199.jpg 300w, https:\/\/www.findafinca4u.com\/wp-content\/uploads\/2018\/07\/LYC-ZOCALO-CREMA-TRAD-IV-3-768x509.jpg 768w, https:\/\/www.findafinca4u.com\/wp-content\/uploads\/2018\/07\/LYC-ZOCALO-CREMA-TRAD-IV-3.jpg 1024w\" sizes=\"auto, (max-width: 300px) 100vw, 300px\" \/><\/p>\n<p>&nbsp;<\/p>\n<p>&nbsp;<\/p>\n<p>&nbsp;<\/p>\n<p>&nbsp;<\/p>\n<p>&nbsp;<\/p>\n<p>&nbsp;<\/p>\n<p>&nbsp;<\/p>\n<p>&nbsp;<\/p>\n<p>&nbsp;<\/p>\n<p>&nbsp;<\/p>\n<p>&nbsp;<\/p>\n<p>&nbsp;<\/p>\n<p><img loading=\"lazy\" decoding=\"async\" class=\"size-medium wp-image-19516\" src=\"https:\/\/www.findafinca4u.com\/wp-content\/uploads\/2018\/07\/ACABADOS-MODERNOS-15-300x201.jpg\" alt=\"\" width=\"300\" height=\"201\" srcset=\"https:\/\/www.findafinca4u.com\/wp-content\/uploads\/2018\/07\/ACABADOS-MODERNOS-15-300x201.jpg 300w, https:\/\/www.findafinca4u.com\/wp-content\/uploads\/2018\/07\/ACABADOS-MODERNOS-15.jpg 600w\" sizes=\"auto, (max-width: 300px) 100vw, 300px\" \/><\/p>\n<p><img loading=\"lazy\" decoding=\"async\" class=\"size-medium wp-image-19512\" src=\"https:\/\/www.findafinca4u.com\/wp-content\/uploads\/2018\/07\/ACABADOS-MODERNOS-8-300x201.jpg\" alt=\"\" width=\"300\" height=\"201\" srcset=\"https:\/\/www.findafinca4u.com\/wp-content\/uploads\/2018\/07\/ACABADOS-MODERNOS-8-300x201.jpg 300w, https:\/\/www.findafinca4u.com\/wp-content\/uploads\/2018\/07\/ACABADOS-MODERNOS-8.jpg 600w\" sizes=\"auto, (max-width: 300px) 100vw, 300px\" \/><\/p>\n<p><img loading=\"lazy\" decoding=\"async\" class=\"alignnone size-medium wp-image-19507\" src=\"https:\/\/www.findafinca4u.com\/wp-content\/uploads\/2018\/07\/LYC-MODERNA-1-2-300x225.jpg\" alt=\"\" width=\"300\" height=\"225\" srcset=\"https:\/\/www.findafinca4u.com\/wp-content\/uploads\/2018\/07\/LYC-MODERNA-1-2-300x225.jpg 300w, https:\/\/www.findafinca4u.com\/wp-content\/uploads\/2018\/07\/LYC-MODERNA-1-2-768x576.jpg 768w, https:\/\/www.findafinca4u.com\/wp-content\/uploads\/2018\/07\/LYC-MODERNA-1-2.jpg 800w\" sizes=\"auto, (max-width: 300px) 100vw, 300px\" \/><\/p>\n<p><img loading=\"lazy\" decoding=\"async\" class=\"size-medium wp-image-19508\" src=\"https:\/\/www.findafinca4u.com\/wp-content\/uploads\/2018\/07\/ACABADOS-MODERNOS-2-300x201.jpg\" alt=\"\" width=\"300\" height=\"201\" srcset=\"https:\/\/www.findafinca4u.com\/wp-content\/uploads\/2018\/07\/ACABADOS-MODERNOS-2-300x201.jpg 300w, https:\/\/www.findafinca4u.com\/wp-content\/uploads\/2018\/07\/ACABADOS-MODERNOS-2.jpg 600w\" sizes=\"auto, (max-width: 300px) 100vw, 300px\" \/><\/p>\n<p>&nbsp;<\/p>\n<p><img loading=\"lazy\" decoding=\"async\" class=\"alignnone size-medium wp-image-19523\" src=\"https:\/\/www.findafinca4u.com\/wp-content\/uploads\/2018\/07\/MODERNA-3-4-1-300x188.jpg\" alt=\"\" width=\"300\" height=\"188\" srcset=\"https:\/\/www.findafinca4u.com\/wp-content\/uploads\/2018\/07\/MODERNA-3-4-1-300x188.jpg 300w, https:\/\/www.findafinca4u.com\/wp-content\/uploads\/2018\/07\/MODERNA-3-4-1-768x480.jpg 768w, https:\/\/www.findafinca4u.com\/wp-content\/uploads\/2018\/07\/MODERNA-3-4-1-1024x640.jpg 1024w, https:\/\/www.findafinca4u.com\/wp-content\/uploads\/2018\/07\/MODERNA-3-4-1.jpg 1727w\" sizes=\"auto, (max-width: 300px) 100vw, 300px\" \/> <img loading=\"lazy\" decoding=\"async\" class=\"alignnone size-medium wp-image-19522\" src=\"https:\/\/www.findafinca4u.com\/wp-content\/uploads\/2018\/07\/MODERNA-3-3-300x233.jpg\" alt=\"\" width=\"300\" height=\"233\" srcset=\"https:\/\/www.findafinca4u.com\/wp-content\/uploads\/2018\/07\/MODERNA-3-3-300x233.jpg 300w, https:\/\/www.findafinca4u.com\/wp-content\/uploads\/2018\/07\/MODERNA-3-3-768x598.jpg 768w, https:\/\/www.findafinca4u.com\/wp-content\/uploads\/2018\/07\/MODERNA-3-3-1024x797.jpg 1024w, https:\/\/www.findafinca4u.com\/wp-content\/uploads\/2018\/07\/MODERNA-3-3.jpg 1388w\" sizes=\"auto, (max-width: 300px) 100vw, 300px\" \/> <img loading=\"lazy\" decoding=\"async\" class=\"alignnone size-medium wp-image-19521\" src=\"https:\/\/www.findafinca4u.com\/wp-content\/uploads\/2018\/07\/MODERNA-3-2-300x200.jpg\" alt=\"\" width=\"300\" height=\"200\" srcset=\"https:\/\/www.findafinca4u.com\/wp-content\/uploads\/2018\/07\/MODERNA-3-2-300x200.jpg 300w, https:\/\/www.findafinca4u.com\/wp-content\/uploads\/2018\/07\/MODERNA-3-2-768x512.jpg 768w, https:\/\/www.findafinca4u.com\/wp-content\/uploads\/2018\/07\/MODERNA-3-2-1024x682.jpg 1024w, https:\/\/www.findafinca4u.com\/wp-content\/uploads\/2018\/07\/MODERNA-3-2-1200x800.jpg 1200w, https:\/\/www.findafinca4u.com\/wp-content\/uploads\/2018\/07\/MODERNA-3-2.jpg 1621w\" sizes=\"auto, (max-width: 300px) 100vw, 300px\" \/> <img loading=\"lazy\" decoding=\"async\" class=\"alignnone size-medium wp-image-19520\" src=\"https:\/\/www.findafinca4u.com\/wp-content\/uploads\/2018\/07\/MODERNA-3-1-300x150.jpg\" alt=\"\" width=\"300\" height=\"150\" srcset=\"https:\/\/www.findafinca4u.com\/wp-content\/uploads\/2018\/07\/MODERNA-3-1-300x150.jpg 300w, https:\/\/www.findafinca4u.com\/wp-content\/uploads\/2018\/07\/MODERNA-3-1-768x384.jpg 768w, https:\/\/www.findafinca4u.com\/wp-content\/uploads\/2018\/07\/MODERNA-3-1-1024x513.jpg 1024w, https:\/\/www.findafinca4u.com\/wp-content\/uploads\/2018\/07\/MODERNA-3-1.jpg 1920w\" sizes=\"auto, (max-width: 300px) 100vw, 300px\" \/> <img loading=\"lazy\" decoding=\"async\" class=\"alignnone size-medium wp-image-19519\" src=\"https:\/\/www.findafinca4u.com\/wp-content\/uploads\/2018\/07\/MODERNA-2-3-300x167.jpg\" alt=\"\" width=\"300\" height=\"167\" srcset=\"https:\/\/www.findafinca4u.com\/wp-content\/uploads\/2018\/07\/MODERNA-2-3-300x167.jpg 300w, https:\/\/www.findafinca4u.com\/wp-content\/uploads\/2018\/07\/MODERNA-2-3-768x426.jpg 768w, https:\/\/www.findafinca4u.com\/wp-content\/uploads\/2018\/07\/MODERNA-2-3-1024x569.jpg 1024w, https:\/\/www.findafinca4u.com\/wp-content\/uploads\/2018\/07\/MODERNA-2-3-900x500.jpg 900w, https:\/\/www.findafinca4u.com\/wp-content\/uploads\/2018\/07\/MODERNA-2-3-670x372.jpg 670w, https:\/\/www.findafinca4u.com\/wp-content\/uploads\/2018\/07\/MODERNA-2-3.jpg 1920w\" sizes=\"auto, (max-width: 300px) 100vw, 300px\" \/> <img loading=\"lazy\" decoding=\"async\" class=\"alignnone size-medium wp-image-19518\" src=\"https:\/\/www.findafinca4u.com\/wp-content\/uploads\/2018\/07\/MODERNA-2-2-300x120.jpg\" alt=\"\" width=\"300\" height=\"120\" srcset=\"https:\/\/www.findafinca4u.com\/wp-content\/uploads\/2018\/07\/MODERNA-2-2-300x120.jpg 300w, https:\/\/www.findafinca4u.com\/wp-content\/uploads\/2018\/07\/MODERNA-2-2-768x307.jpg 768w, https:\/\/www.findafinca4u.com\/wp-content\/uploads\/2018\/07\/MODERNA-2-2-1024x410.jpg 1024w, https:\/\/www.findafinca4u.com\/wp-content\/uploads\/2018\/07\/MODERNA-2-2.jpg 1920w\" sizes=\"auto, (max-width: 300px) 100vw, 300px\" \/><\/p>\n<p>&nbsp;<\/p>\n<p><img loading=\"lazy\" decoding=\"async\" class=\"alignnone size-medium wp-image-19486\" src=\"https:\/\/www.findafinca4u.com\/wp-content\/uploads\/2018\/07\/MODERNA-5-2-300x180.jpg\" alt=\"\" width=\"300\" height=\"180\" srcset=\"https:\/\/www.findafinca4u.com\/wp-content\/uploads\/2018\/07\/MODERNA-5-2-300x180.jpg 300w, https:\/\/www.findafinca4u.com\/wp-content\/uploads\/2018\/07\/MODERNA-5-2-768x461.jpg 768w, https:\/\/www.findafinca4u.com\/wp-content\/uploads\/2018\/07\/MODERNA-5-2.jpg 1024w\" sizes=\"auto, (max-width: 300px) 100vw, 300px\" \/><\/p>","protected":false},"excerpt":{"rendered":"<p>Wir bieten einen kompletten Neubauservice an. Neue H\u00e4user k\u00f6nnen nach Ihren Vorgaben gebaut werden, basierend auf unseren rustikalen oder modernen Modellen. Alternativ k\u00f6nnen Sie uns ein ganz eigenes Design geben. Garantierte Preise k\u00f6nnen angegeben werden, sobald Sie sich f\u00fcr ein Grundst\u00fcck, ein Design und Extras entschieden haben. Unser Architekt und versierter Bauunternehmer wird Ihnen beim [&hellip;]<\/p>\n","protected":false},"author":1,"featured_media":19527,"parent":0,"menu_order":0,"comment_status":"closed","ping_status":"closed","template":"","meta":{"footnotes":""},"class_list":["post-18409","page","type-page","status-publish","has-post-thumbnail","hentry"],"_links":{"self":[{"href":"https:\/\/www.findafinca4u.com\/de\/wp-json\/wp\/v2\/pages\/18409","targetHints":{"allow":["GET"]}}],"collection":[{"href":"https:\/\/www.findafinca4u.com\/de\/wp-json\/wp\/v2\/pages"}],"about":[{"href":"https:\/\/www.findafinca4u.com\/de\/wp-json\/wp\/v2\/types\/page"}],"author":[{"embeddable":true,"href":"https:\/\/www.findafinca4u.com\/de\/wp-json\/wp\/v2\/users\/1"}],"replies":[{"embeddable":true,"href":"https:\/\/www.findafinca4u.com\/de\/wp-json\/wp\/v2\/comments?post=18409"}],"version-history":[{"count":27,"href":"https:\/\/www.findafinca4u.com\/de\/wp-json\/wp\/v2\/pages\/18409\/revisions"}],"predecessor-version":[{"id":33321,"href":"https:\/\/www.findafinca4u.com\/de\/wp-json\/wp\/v2\/pages\/18409\/revisions\/33321"}],"wp:featuredmedia":[{"embeddable":true,"href":"https:\/\/www.findafinca4u.com\/de\/wp-json\/wp\/v2\/media\/19527"}],"wp:attachment":[{"href":"https:\/\/www.findafinca4u.com\/de\/wp-json\/wp\/v2\/media?parent=18409"}],"curies":[{"name":"wp","href":"https:\/\/api.w.org\/{rel}","templated":true}]}}