{"id":15,"date":"2018-03-23T12:46:03","date_gmt":"2018-03-23T12:46:03","guid":{"rendered":"https:\/\/www.findafinca4u.com\/?page_id=15"},"modified":"2018-09-07T23:21:15","modified_gmt":"2018-09-07T22:21:15","slug":"home","status":"publish","type":"page","link":"https:\/\/www.findafinca4u.com\/de\/","title":{"rendered":"Willkommen in Ihrem neuen Leben in Spanien"},"content":{"rendered":"<p>Willkommen bei <strong>findafinca4u.com<\/strong>. Hier finden Sie Details zu Ihrem potenziellen neuen Zuhause in der Sonne. Wir haben eine gute Auswahl an Eigenschaften, die den meisten Budgets entsprechen. Wir sind spezialisiert auf die Suche nach l\u00e4ndlichen spanischen Immobilien im Landesinneren der Costa Blanca.<\/p>\n<p>Die meisten unserer Unterk\u00fcnfte liegen 30 Minuten vom Flughafen Alicante entfernt in einer malerischen Gegend mit guten Verbindungen zu den wei\u00dfen Str\u00e4nden von Alicante. Ein Gebiet mit einem fantastischen Klima und einer reichen Kultur. Ein perfekter Ort f\u00fcr Menschen, die nach einem Ferienhaus oder einer Pension suchen, die eine andere, weniger stressige Lebensweise bietet.<\/p>\n<p>Wir verkaufen seit 2004 Immobilien und sind stolz darauf, den Kaufprozess unkompliziert und sicher zu machen. Wir bieten auch einen kompletten After-Sales-Service. Wir sind immer noch gl\u00fccklich, sogar unseren ersten Kunden mit irgendeinem Aspekt des Lebens in Spanien zu helfen. Das Angebot reicht von Wohnungen und Stadth\u00e4usern bis hin zu den bekannteren Villen, die den Einheimischen als &#8222;Fincas&#8220; oder &#8222;Casas de Campo&#8220; bekannt sind. Wir haben auch viele Grundst\u00fccke und k\u00f6nnen Menschen helfen, ihr Traumhaus von Grund auf zu bauen.<\/p>\n<p>Bitte bl\u00e4ttern Sie durch unsere Immobilien und wenn Sie nicht finden was Sie suchen, fragen Sie bitte. Indem Sie uns Ihre Anforderungen erf\u00fcllen, sparen Sie Zeit und k\u00f6nnen uns einen besseren Service bieten.<\/p>","protected":false},"excerpt":{"rendered":"<p>Willkommen bei findafinca4u.com. Hier finden Sie Details zu Ihrem potenziellen neuen Zuhause in der Sonne. Wir haben eine gute Auswahl an Eigenschaften, die den meisten Budgets entsprechen. Wir sind spezialisiert auf die Suche nach l\u00e4ndlichen spanischen Immobilien im Landesinneren der Costa Blanca. Die meisten unserer Unterk\u00fcnfte liegen 30 Minuten vom Flughafen Alicante entfernt in einer [&hellip;]<\/p>\n","protected":false},"author":1,"featured_media":0,"parent":0,"menu_order":0,"comment_status":"closed","ping_status":"closed","template":"","meta":{"footnotes":""},"class_list":["post-15","page","type-page","status-publish","hentry"],"_links":{"self":[{"href":"https:\/\/www.findafinca4u.com\/de\/wp-json\/wp\/v2\/pages\/15","targetHints":{"allow":["GET"]}}],"collection":[{"href":"https:\/\/www.findafinca4u.com\/de\/wp-json\/wp\/v2\/pages"}],"about":[{"href":"https:\/\/www.findafinca4u.com\/de\/wp-json\/wp\/v2\/types\/page"}],"author":[{"embeddable":true,"href":"https:\/\/www.findafinca4u.com\/de\/wp-json\/wp\/v2\/users\/1"}],"replies":[{"embeddable":true,"href":"https:\/\/www.findafinca4u.com\/de\/wp-json\/wp\/v2\/comments?post=15"}],"version-history":[{"count":54,"href":"https:\/\/www.findafinca4u.com\/de\/wp-json\/wp\/v2\/pages\/15\/revisions"}],"predecessor-version":[{"id":20196,"href":"https:\/\/www.findafinca4u.com\/de\/wp-json\/wp\/v2\/pages\/15\/revisions\/20196"}],"wp:attachment":[{"href":"https:\/\/www.findafinca4u.com\/de\/wp-json\/wp\/v2\/media?parent=15"}],"curies":[{"name":"wp","href":"https:\/\/api.w.org\/{rel}","templated":true}]}}